{"id":939,"date":"2013-10-14T08:17:34","date_gmt":"2013-10-14T07:17:34","guid":{"rendered":"http:\/\/www.srcernay-natation.fr\/?page_id=939"},"modified":"2018-10-19T13:11:40","modified_gmt":"2018-10-19T12:11:40","slug":"saison-20132014","status":"publish","type":"page","link":"http:\/\/www.srcernay-natation.fr\/?page_id=939","title":{"rendered":"Saison 2013\/2014"},"content":{"rendered":"<p>SAISON 2013\/2014<\/p>\n<p><span style=\"text-decoration: underline;\"><strong>OCTOBRE<\/strong> <strong>13<\/strong><\/span><\/p>\n<p><a href=\"http:\/\/www.srcernay-natation.fr\/wp-content\/uploads\/2013\/10\/resultats_globaux-Meeting-de-Saint-Louis-2013.pdf\" target=\"_blank\" rel=\"noopener\">R\u00e9sultats Meeting de Saint-Louis<\/a><\/p>\n<p><a href=\"http:\/\/www.srcernay-natation.fr\/wp-content\/uploads\/2013\/10\/r\u00e9sultat-interclubs-illfurth.pdf\" target=\"_blank\" rel=\"noopener\">r\u00e9sultats interclubs poussins illfurth<\/a><\/p>\n<p><a href=\"http:\/\/www.srcernay-natation.fr\/wp-content\/uploads\/2013\/10\/r\u00e9sultats-meeting-pr\u00e9-interclubs.pdf\" target=\"_blank\" rel=\"noopener\">r\u00e9sultats meeting pr\u00e9-interclubs<\/a><\/p>\n<p><strong><span style=\"text-decoration: underline;\">NOVEMBRE<\/span><\/strong><span style=\"text-decoration: underline;\"> 13<\/span><\/p>\n<p><a href=\"http:\/\/www.srcernay-natation.fr\/wp-content\/uploads\/2013\/10\/Classement-Interclubs-TC.pdf\" target=\"_blank\" rel=\"noopener\">Classement Interclubs TC poule B<\/a><\/p>\n<p><a href=\"http:\/\/www.srcernay-natation.fr\/wp-content\/uploads\/2013\/10\/resultats_globaux-poule-B.pdf\" target=\"_blank\" rel=\"noopener\">r\u00e9sultats interclubs TC poule B<\/a><\/p>\n<p><a href=\"http:\/\/www.srcernay-natation.fr\/wp-content\/uploads\/2013\/10\/R\u00e9sultats-championnat-d\u00e9partemental-2013.pdf\">R\u00e9sultats championnat d\u00e9partemental 2013<\/a><\/p>\n<p><span style=\"text-decoration: underline;\"><strong>DECEMBRE<\/strong> 13<\/span><\/p>\n<p><a href=\"http:\/\/www.srcernay-natation.fr\/wp-content\/uploads\/2013\/10\/R\u00e9sultats-championnats-dAlsace-s\u00e9lestat-7-d\u00e9cembre-2013.pdf\" target=\"_blank\" rel=\"noopener\">R\u00e9sultats championnats d&rsquo;Alsace s\u00e9lestat 7 d\u00e9cembre 2013<\/a><\/p>\n<p><a href=\"http:\/\/www.srcernay-natation.fr\/wp-content\/uploads\/2013\/10\/R\u00e9sultats-championnats-dAlsace-s\u00e9lestat-8-d\u00e9cembre-2013.pdf\" target=\"_blank\" rel=\"noopener\">R\u00e9sultats championnats d&rsquo;Alsace s\u00e9lestat 8 d\u00e9cembre 2013<\/a><\/p>\n<p><a href=\"http:\/\/www.srcernay-natation.fr\/wp-content\/uploads\/2013\/10\/resultats_globaux.pdf\" target=\"_blank\" rel=\"noopener\">R\u00e9sultats plot d&rsquo;acquisition \u00e0 Cernay du 15 d\u00e9cembre 2013<\/a><\/p>\n<p><a href=\"http:\/\/www.srcernay-natation.fr\/wp-content\/uploads\/2013\/10\/resultats_20070.pdf\" target=\"_blank\" rel=\"noopener\">R\u00e9sultats championnats interr\u00e9gionaux petit bain 20 au 22 d\u00e9cembre 2013<\/a><\/p>\n<p><span style=\"text-decoration: underline;\"><strong>JANVIER<\/strong> 14<\/span><\/p>\n<p><a href=\"http:\/\/www.srcernay-natation.fr\/wp-content\/uploads\/2013\/10\/resultats_globaux-meeting-ZEWALA-19-janv-2014.pdf\" target=\"_blank\" rel=\"noopener\">R\u00e9sultats meeting ZEWALA 19 janvier 2014 \u00e0 S\u00e9l\u00e9stat<\/a><\/p>\n<p><a href=\"http:\/\/www.srcernay-natation.fr\/wp-content\/uploads\/2013\/10\/599.pdf\" target=\"_blank\" rel=\"noopener\">R\u00e9sultats meeting \u00e9toiles du futur Mulhouse 26 janvier<\/a><\/p>\n<p><span style=\"text-decoration: underline;\"><strong>FEVRIER 14<\/strong><\/span><\/p>\n<p><a href=\"http:\/\/www.srcernay-natation.fr\/wp-content\/uploads\/2013\/10\/resultats_20693.pdf\" target=\"_blank\" rel=\"noopener\">R\u00e9sultats Interclubs poussins du 8 f\u00e9vrier \u00e0 Obernai<\/a><\/p>\n<p><a href=\"http:\/\/www.srcernay-natation.fr\/wp-content\/uploads\/2013\/10\/unnamed-2.pdf\" target=\"_blank\" rel=\"noopener\">R\u00e9sultats meeting national de Strasbourg du 15 et 16 f\u00e9vrier<\/a><\/p>\n<p><a href=\"http:\/\/www.srcernay-natation.fr\/wp-content\/uploads\/2013\/10\/resultats_21761.pdf\" target=\"_blank\" rel=\"noopener\">R\u00e9sultats 2\u00e8me plot d&rsquo;acquisition poussins du 16 f\u00e9vrier \u00e0 Illfurth<\/a><\/p>\n<p><span style=\"text-decoration: underline;\"><strong>MARS<\/strong><\/span><strong> 14<\/strong><\/p>\n<p><a href=\"http:\/\/www.srcernay-natation.fr\/wp-content\/uploads\/2013\/10\/5.-PAMINA-Protokoll.pdf\" target=\"_blank\" rel=\"noopener\">R\u00e9sultats meeting de Bad-Bergzabern (Allemagne) 15 et 16 mars<\/a><\/p>\n<p><a href=\"http:\/\/www.srcernay-natation.fr\/wp-content\/uploads\/2013\/10\/resultats_22005.pdf\" target=\"_blank\" rel=\"noopener\">R\u00e9sultats natathlon 1 du 16 mars \u00e0 Thann<\/a><\/p>\n<p><a href=\"http:\/\/www.srcernay-natation.fr\/wp-content\/uploads\/2013\/10\/resultats_21831.pdf\" target=\"_blank\" rel=\"noopener\">R\u00e9sultats Championnats de france N2 Vittel du 21 au 23 mars<\/a><\/p>\n<p><a href=\"http:\/\/www.srcernay-natation.fr\/wp-content\/uploads\/2013\/10\/resultats_22415.pdf\" target=\"_blank\" rel=\"noopener\">R\u00e9sultats du meeting de la grenouille du 30 mars \u00e0 Wesserling<\/a><\/p>\n<p><span style=\"text-decoration: underline;\"><strong>AVRIL<\/strong><\/span><strong> 14<\/strong><\/p>\n<p><a href=\"http:\/\/www.srcernay-natation.fr\/wp-content\/uploads\/2013\/10\/629.pdf\" target=\"_blank\" rel=\"noopener\">R\u00e9sultats Natathlon 2 \u00e0 Colmar le 13 avril<\/a><\/p>\n<p><span style=\"text-decoration: underline;\"><strong>MAI<\/strong> 14<\/span><\/p>\n<p><a href=\"http:\/\/www.srcernay-natation.fr\/wp-content\/uploads\/2013\/10\/635.pdf\" target=\"_blank\" rel=\"noopener\">R\u00e9sultats meeting du muguet le 1er mai \u00e0 Illfurth<\/a><\/p>\n<p><a href=\"http:\/\/www.srcernay-natation.fr\/wp-content\/uploads\/2013\/10\/resultats_22293.pdf\" target=\"_blank\" rel=\"noopener\">R\u00e9sultats meeting LLSB le 3 mai \u00e0 Schiltigheim<\/a><\/p>\n<p><a href=\"http:\/\/www.srcernay-natation.fr\/wp-content\/uploads\/2013\/10\/resultats_22601.pdf\" target=\"_blank\" rel=\"noopener\">R\u00e9sultats plot d&rsquo;acquisition 4 \u00e0 Mulhouse le 11 mai 2014<\/a><\/p>\n<p><a href=\"http:\/\/www.srcernay-natation.fr\/wp-content\/uploads\/2013\/10\/resultats-petits-DAHLIAS.pdf\" target=\"_blank\" rel=\"noopener\">R\u00e9sultats du meeting des dahlia le 17 mai \u00e0 S\u00e9l\u00e9stat<\/a><\/p>\n<p><a href=\"http:\/\/www.srcernay-natation.fr\/wp-content\/uploads\/2013\/10\/resultats_23159.pdf\" target=\"_blank\" rel=\"noopener\">R\u00e9sultats meeting des 200 m\u00e8tres le 18 mai \u00e0 Thann<\/a><\/p>\n<p><a href=\"http:\/\/www.srcernay-natation.fr\/wp-content\/uploads\/2013\/10\/resultats_22279.pdf\" target=\"_blank\" rel=\"noopener\">R\u00e9sultats \u00e9tape 3 du natathlon le 25 mai 2014 \u00e0 Obernai<\/a><\/p>\n<p><span style=\"text-decoration: underline;\"><strong>JUIN<\/strong> 14<\/span><\/p>\n<p><a href=\"http:\/\/www.srcernay-natation.fr\/wp-content\/uploads\/2013\/10\/resultats_22281.pdf\" target=\"_blank\" rel=\"noopener\">R\u00e9sultats championnats d&rsquo;Alsace du 31 mai et 1 juin \u00e0 Mulhouse<\/a><\/p>\n<p><a href=\"http:\/\/www.srcernay-natation.fr\/wp-content\/uploads\/2013\/10\/start-liste.pdf\" target=\"_blank\" rel=\"noopener\">start liste Euromeeting 2014<\/a><\/p>\n<p><a href=\"http:\/\/www.srcernay-natation.fr\/wp-content\/uploads\/2013\/10\/resultats_globaux1.pdf\" target=\"_blank\" rel=\"noopener\">R\u00e9sultats 19\u00e8me euromeeting de Cernay du 7 et 8 juin 2014<\/a><\/p>\n<p><a href=\"http:\/\/www.srcernay-natation.fr\/wp-content\/uploads\/2013\/10\/resultats_23557.pdf\" target=\"_blank\" rel=\"noopener\">R\u00e9sultats meeting de l&rsquo;Ile du Rhin le 15 juin<\/a><\/p>\n<p><a href=\"http:\/\/www.srcernay-natation.fr\/wp-content\/uploads\/2013\/10\/resultats_23719.pdf\" target=\"_blank\" rel=\"noopener\">R\u00e9sultats Championnats de France N2 \u00e0 B\u00e9thune du 20 au 22 juin <\/a><\/p>\n<p><a href=\"http:\/\/www.srcernay-natation.fr\/wp-content\/uploads\/2013\/10\/resultats_24139.pdf\" target=\"_blank\" rel=\"noopener\">R\u00e9sultats de la finale du plot d&rsquo;acquisition poussin le 22 juin \u00e0 Guebwiller<\/a><\/p>\n<p><a href=\"http:\/\/www.srcernay-natation.fr\/wp-content\/uploads\/2013\/10\/resultats_23811.pdf\" target=\"_blank\" rel=\"noopener\">R\u00e9sultats finale r\u00e9gional du natathlon \u00e0 Mulhouse le 28 juin<\/a><\/p>\n<p>&nbsp;<\/p>\n","protected":false},"excerpt":{"rendered":"<p>SAISON 2013\/2014 OCTOBRE 13 R\u00e9sultats Meeting de Saint-Louis r\u00e9sultats interclubs poussins illfurth r\u00e9sultats meeting pr\u00e9-interclubs NOVEMBRE 13 Classement Interclubs TC poule B r\u00e9sultats interclubs TC poule B R\u00e9sultats championnat d\u00e9partemental 2013 DECEMBRE 13 R\u00e9sultats championnats d&rsquo;Alsace s\u00e9lestat 7 d\u00e9cembre 2013 R\u00e9sultats championnats d&rsquo;Alsace s\u00e9lestat 8 d\u00e9cembre 2013 R\u00e9sultats plot d&rsquo;acquisition \u00e0 Cernay du 15 d\u00e9cembre [&hellip;]<\/p>\n","protected":false},"author":1,"featured_media":0,"parent":2260,"menu_order":2,"comment_status":"open","ping_status":"closed","template":"","meta":{"jetpack_post_was_ever_published":false,"footnotes":""},"class_list":["post-939","page","type-page","status-publish","hentry"],"jetpack_sharing_enabled":true,"jetpack_shortlink":"https:\/\/wp.me\/P2O9pL-f9","jetpack_likes_enabled":true,"jetpack-related-posts":[],"_links":{"self":[{"href":"http:\/\/www.srcernay-natation.fr\/index.php?rest_route=\/wp\/v2\/pages\/939","targetHints":{"allow":["GET"]}}],"collection":[{"href":"http:\/\/www.srcernay-natation.fr\/index.php?rest_route=\/wp\/v2\/pages"}],"about":[{"href":"http:\/\/www.srcernay-natation.fr\/index.php?rest_route=\/wp\/v2\/types\/page"}],"author":[{"embeddable":true,"href":"http:\/\/www.srcernay-natation.fr\/index.php?rest_route=\/wp\/v2\/users\/1"}],"replies":[{"embeddable":true,"href":"http:\/\/www.srcernay-natation.fr\/index.php?rest_route=%2Fwp%2Fv2%2Fcomments&post=939"}],"version-history":[{"count":24,"href":"http:\/\/www.srcernay-natation.fr\/index.php?rest_route=\/wp\/v2\/pages\/939\/revisions"}],"predecessor-version":[{"id":1950,"href":"http:\/\/www.srcernay-natation.fr\/index.php?rest_route=\/wp\/v2\/pages\/939\/revisions\/1950"}],"up":[{"embeddable":true,"href":"http:\/\/www.srcernay-natation.fr\/index.php?rest_route=\/wp\/v2\/pages\/2260"}],"wp:attachment":[{"href":"http:\/\/www.srcernay-natation.fr\/index.php?rest_route=%2Fwp%2Fv2%2Fmedia&parent=939"}],"curies":[{"name":"wp","href":"https:\/\/api.w.org\/{rel}","templated":true}]}}