{"id":935,"date":"2013-10-14T08:14:13","date_gmt":"2013-10-14T07:14:13","guid":{"rendered":"http:\/\/www.srcernay-natation.fr\/?page_id=935"},"modified":"2018-10-19T13:11:08","modified_gmt":"2018-10-19T12:11:08","slug":"saison-20122013","status":"publish","type":"page","link":"http:\/\/www.srcernay-natation.fr\/?page_id=935","title":{"rendered":"Saison 2012\/2013"},"content":{"rendered":"<p>SAISON 2012\/2013<\/p>\n<p><strong>OCTOBRE 2012<\/strong><\/p>\n<p><a href=\"http:\/\/www.srcernay-natation.fr\/wp-content\/uploads\/2012\/10\/meeting-Saint-Louis-octobre-2012.pdf\" target=\"_blank\" rel=\"noopener\">meeting Saint Louis octobre 2012<\/a><\/p>\n<p><a href=\"http:\/\/www.srcernay-natation.fr\/wp-content\/uploads\/2012\/10\/interclub-poussins.pdf\" target=\"_blank\" rel=\"noopener\">interclub poussins<\/a><\/p>\n<p><strong>NOVEMBRE 2012<\/strong><\/p>\n<p><a href=\"http:\/\/www.srcernay-natation.fr\/wp-content\/uploads\/2012\/10\/resultats_globaux-IC-poule-A.pdf\" target=\"_blank\" rel=\"noopener\">resultats_globaux IC poule A<\/a><\/p>\n<p><a href=\"http:\/\/www.srcernay-natation.fr\/wp-content\/uploads\/2012\/10\/resultats_globaux-IC-poule-B.pdf\" target=\"_blank\" rel=\"noopener\">resultats_globaux IC poule B<\/a><\/p>\n<p><a href=\"http:\/\/www.srcernay-natation.fr\/wp-content\/uploads\/2012\/10\/Classement-Interclubs-TC-poule-A.pdf\" target=\"_blank\" rel=\"noopener\">Classement Interclubs TC poule A<\/a><\/p>\n<p><a href=\"http:\/\/www.srcernay-natation.fr\/wp-content\/uploads\/2012\/10\/Classement-Interclubs-TC-poule-B.pdf\" target=\"_blank\" rel=\"noopener\">Classement Interclubs TC poule B<\/a><\/p>\n<p><a href=\"http:\/\/www.srcernay-natation.fr\/wp-content\/uploads\/2012\/10\/meeting-qualification-d\u00e9partemental-de-Kaysersberg.pdf\" target=\"_blank\" rel=\"noopener\">meeting qualification d\u00e9partemental de Kaysersberg<\/a><\/p>\n<p><a href=\"http:\/\/www.srcernay-natation.fr\/wp-content\/uploads\/2012\/10\/meeting-jeunes-Guebwiller.pdf\" target=\"_blank\" rel=\"noopener\">meeting jeunes Guebwiller<\/a><\/p>\n<p><strong>DECEMBRE 2012<\/strong><\/p>\n<p><a href=\"http:\/\/www.srcernay-natation.fr\/wp-content\/uploads\/2012\/10\/Championnat-r\u00e9gional-Erstein.pdf\" target=\"_blank\" rel=\"noopener\">Championnat r\u00e9gional Erstein<\/a><\/p>\n<p><a href=\"http:\/\/www.srcernay-natation.fr\/wp-content\/uploads\/2012\/10\/meeting-guebwiller-16-d\u00e9cembre.pdf\" target=\"_blank\" rel=\"noopener\">meeting Guebwiller 16 d\u00e9cembre<\/a><\/p>\n<p><a href=\"http:\/\/www.srcernay-natation.fr\/wp-content\/uploads\/2012\/10\/Epinal-21-22-et-23-d\u00e9cembre.pdf\" target=\"_blank\" rel=\"noopener\">Epinal 21-22 et 23 d\u00e9cembre<\/a><\/p>\n<p><strong>JANVIER 2013<\/strong><\/p>\n<p><a href=\"http:\/\/www.srcernay-natation.fr\/wp-content\/uploads\/2012\/10\/meeting-Sewala-\u00e0-Selestat.pdf\" target=\"_blank\" rel=\"noopener\">meeting Sewala \u00e0 Selestat<\/a><\/p>\n<p><a href=\"http:\/\/www.srcernay-natation.fr\/wp-content\/uploads\/2012\/10\/Les-\u00e9toiles-du-futur.pdf\" target=\"_blank\" rel=\"noopener\">Les \u00e9toiles du futur<\/a><\/p>\n<p><strong>FEVRIER 2013<\/strong><\/p>\n<p><a href=\"http:\/\/www.srcernay-natation.fr\/wp-content\/uploads\/2012\/10\/resultats_globaux-Avenirs-Poussins.pdf\">resultats_globaux-Avenirs-Poussins<\/a><\/p>\n<p><a href=\"http:\/\/www.srcernay-natation.fr\/wp-content\/uploads\/2012\/10\/Classement-par-Equipe-Avenirs-Poussins.pdf\">Classement par Equipe Avenirs-Poussins<\/a><a href=\"http:\/\/www.srcernay-natation.fr\/wp-content\/uploads\/2012\/10\/resultats_globaux-Avenirs-Poussins.pdf\"><br \/>\n<\/a><\/p>\n<p><strong>MARS 2013<br \/>\n<\/strong><\/p>\n<p><a href=\"http:\/\/www.srcernay-natation.fr\/wp-content\/uploads\/2012\/10\/NATATHLON.pdf\">Natathlon 1 mulhouse<\/a><a href=\"http:\/\/www.srcernay-natation.fr\/wp-content\/uploads\/2012\/10\/PLOT.pdf\"><br \/>\n<\/a><\/p>\n<p><a href=\"http:\/\/www.srcernay-natation.fr\/wp-content\/uploads\/2012\/10\/PLOT.pdf\">Plot d&rsquo;acquisition 2 mulhouse<\/a><\/p>\n<p><a href=\"http:\/\/www.srcernay-natation.fr\/wp-content\/uploads\/2012\/10\/resultats-bb.pdf\">R\u00e9sultat meeting Bad Bergzabern (All)<\/a><\/p>\n<p><a href=\"http:\/\/www.srcernay-natation.fr\/wp-content\/uploads\/2012\/10\/537.pdf\">Championnats de France N2<\/a><\/p>\n<p><a href=\"http:\/\/www.srcernay-natation.fr\/wp-content\/uploads\/2012\/10\/resultats-plzen.pdf\">r\u00e9sultats Plzen (rep. tch.)<\/a><\/p>\n<p><strong>AVRIL 2013<\/strong><\/p>\n<p><a href=\"http:\/\/www.srcernay-natation.fr\/wp-content\/uploads\/2012\/10\/natathlon-2.pdf\" target=\"_blank\" rel=\"noopener\">r\u00e9sultats Natathlon 2 Thann<\/a><\/p>\n<p><a href=\"http:\/\/www.srcernay-natation.fr\/wp-content\/uploads\/2012\/10\/plots-dacquisition-3.pdf\" target=\"_blank\" rel=\"noopener\">r\u00e9sultats plots d&rsquo;acquisition 3 Kayserberg<\/a><\/p>\n<p><a href=\"http:\/\/www.srcernay-natation.fr\/wp-content\/uploads\/2012\/10\/r\u00e9sultats-troph\u00e9e.pdf\" target=\"_blank\" rel=\"noopener\">r\u00e9sultats troph\u00e9e P\u00e2ques<\/a><\/p>\n<p><a href=\"http:\/\/www.srcernay-natation.fr\/wp-content\/uploads\/2012\/10\/resultats-meeting-de-la-grenouille.pdf\" target=\"_blank\" rel=\"noopener\">resultats meeting de la grenouille<\/a><\/p>\n<p><strong>MAI<\/strong>\u00a0<strong>2013<\/strong><\/p>\n<p><a href=\"http:\/\/www.srcernay-natation.fr\/wp-content\/uploads\/2012\/10\/r\u00e9sultat-meeting-du-muguet.pdf\" target=\"_blank\" rel=\"noopener\">r\u00e9sultat meeting du muguet<\/a><\/p>\n<p><a href=\"http:\/\/www.srcernay-natation.fr\/wp-content\/uploads\/2012\/10\/R\u00e9sultats-Journ\u00e9e-des-100-M\u00e8tres-9-mai-2013-Diekirch.pdf\" target=\"_blank\" rel=\"noopener\">R\u00e9sultats meeting de Diekirch (LUX)<\/a><\/p>\n<p><a href=\"http:\/\/www.srcernay-natation.fr\/wp-content\/uploads\/2012\/10\/resultats_18206.pdf\" target=\"_blank\" rel=\"noopener\">resultats natathlon Guebwiller<\/a><\/p>\n<p><a href=\"http:\/\/www.srcernay-natation.fr\/wp-content\/uploads\/2012\/10\/start-liste.pdf\" target=\"_blank\" rel=\"noopener\">start liste Euromeeting<\/a><\/p>\n<p><a href=\"http:\/\/www.srcernay-natation.fr\/wp-content\/uploads\/2012\/10\/resultats-euromeeting-2013.pdf\" target=\"_blank\" rel=\"noopener\">resultats euromeeting 2013<\/a><\/p>\n<p><a href=\"http:\/\/www.srcernay-natation.fr\/wp-content\/uploads\/2012\/10\/classement-poussins.pdf\" target=\"_blank\" rel=\"noopener\">qualifi\u00e9s pour la finale poussins\/avenirs<\/a><\/p>\n<p><a href=\"http:\/\/www.srcernay-natation.fr\/wp-content\/uploads\/2012\/10\/r\u00e9sultats-championnats-dalsace.pdf\" target=\"_blank\" rel=\"noopener\">r\u00e9sultats championnats d&rsquo;alsace<\/a><\/p>\n<p><strong>JUIN 2013<\/strong><\/p>\n<p><a href=\"http:\/\/www.srcernay-natation.fr\/wp-content\/uploads\/2012\/10\/resultats_18542.pdf\" target=\"_blank\" rel=\"noopener\">r\u00e9sultats meeting des 200m Thann<\/a><\/p>\n<p><a href=\"http:\/\/www.srcernay-natation.fr\/wp-content\/uploads\/2012\/10\/r\u00e9sultats-meeting-Ile-du-Rhin-1.pdf\" target=\"_blank\" rel=\"noopener\">r\u00e9sultats meeting Ile du Rhin 1<\/a><\/p>\n<p><a href=\"http:\/\/www.srcernay-natation.fr\/wp-content\/uploads\/2012\/10\/r\u00e9sultat-meeting-Ile-du-Rhin-2.pdf\" target=\"_blank\" rel=\"noopener\">r\u00e9sultats meeting Ile du Rhin 2<\/a><\/p>\n<p><a href=\"http:\/\/www.srcernay-natation.fr\/wp-content\/uploads\/2012\/10\/resultats-finale-plot-et-natathlon.pdf\" target=\"_blank\" rel=\"noopener\">r\u00e9sultats finale plot et natathlon<\/a><\/p>\n<p><a href=\"http:\/\/www.srcernay-natation.fr\/wp-content\/uploads\/2012\/10\/resultats_18742.pdf\" target=\"_blank\" rel=\"noopener\">r\u00e9sultats finale interr\u00e9gional du troph\u00e9e Lucien ZINS<\/a><\/p>\n<p><a href=\"http:\/\/www.srcernay-natation.fr\/wp-content\/uploads\/2012\/10\/r\u00e9sultats-troph\u00e9e-d\u00e9t\u00e9.pdf\" target=\"_blank\" rel=\"noopener\">r\u00e9sultats troph\u00e9e d&rsquo;\u00e9t\u00e9<\/a><\/p>\n<p><a href=\"http:\/\/www.srcernay-natation.fr\/wp-content\/uploads\/2012\/10\/resultats_18883.pdf\" target=\"_blank\" rel=\"noopener\">r\u00e9sultats championnats de France N2<\/a><\/p>\n","protected":false},"excerpt":{"rendered":"<p>SAISON 2012\/2013 OCTOBRE 2012 meeting Saint Louis octobre 2012 interclub poussins NOVEMBRE 2012 resultats_globaux IC poule A resultats_globaux IC poule B Classement Interclubs TC poule A Classement Interclubs TC poule B meeting qualification d\u00e9partemental de Kaysersberg meeting jeunes Guebwiller DECEMBRE 2012 Championnat r\u00e9gional Erstein meeting Guebwiller 16 d\u00e9cembre Epinal 21-22 et 23 d\u00e9cembre JANVIER 2013 [&hellip;]<\/p>\n","protected":false},"author":1,"featured_media":0,"parent":2260,"menu_order":1,"comment_status":"open","ping_status":"closed","template":"","meta":{"jetpack_post_was_ever_published":false,"footnotes":""},"class_list":["post-935","page","type-page","status-publish","hentry"],"jetpack_sharing_enabled":true,"jetpack_shortlink":"https:\/\/wp.me\/P2O9pL-f5","jetpack_likes_enabled":true,"jetpack-related-posts":[],"_links":{"self":[{"href":"http:\/\/www.srcernay-natation.fr\/index.php?rest_route=\/wp\/v2\/pages\/935","targetHints":{"allow":["GET"]}}],"collection":[{"href":"http:\/\/www.srcernay-natation.fr\/index.php?rest_route=\/wp\/v2\/pages"}],"about":[{"href":"http:\/\/www.srcernay-natation.fr\/index.php?rest_route=\/wp\/v2\/types\/page"}],"author":[{"embeddable":true,"href":"http:\/\/www.srcernay-natation.fr\/index.php?rest_route=\/wp\/v2\/users\/1"}],"replies":[{"embeddable":true,"href":"http:\/\/www.srcernay-natation.fr\/index.php?rest_route=%2Fwp%2Fv2%2Fcomments&post=935"}],"version-history":[{"count":4,"href":"http:\/\/www.srcernay-natation.fr\/index.php?rest_route=\/wp\/v2\/pages\/935\/revisions"}],"predecessor-version":[{"id":1957,"href":"http:\/\/www.srcernay-natation.fr\/index.php?rest_route=\/wp\/v2\/pages\/935\/revisions\/1957"}],"up":[{"embeddable":true,"href":"http:\/\/www.srcernay-natation.fr\/index.php?rest_route=\/wp\/v2\/pages\/2260"}],"wp:attachment":[{"href":"http:\/\/www.srcernay-natation.fr\/index.php?rest_route=%2Fwp%2Fv2%2Fmedia&parent=935"}],"curies":[{"name":"wp","href":"https:\/\/api.w.org\/{rel}","templated":true}]}}