{"id":36,"date":"2012-10-19T18:29:01","date_gmt":"2012-10-19T17:29:01","guid":{"rendered":"http:\/\/www.srcernay-natation.fr\/?page_id=36"},"modified":"2021-09-12T16:03:40","modified_gmt":"2021-09-12T14:03:40","slug":"activites-du-club","status":"publish","type":"page","link":"http:\/\/www.srcernay-natation.fr\/?page_id=36","title":{"rendered":"Activit\u00e9s"},"content":{"rendered":"\n<p class=\"has-text-align-center has-text-color\" style=\"color:#0652e5\"><em><strong>Les activit\u00e9s multiples propos\u00e9es par une \u00e9quipe dynamique o\u00f9 chacun y trouvera sa place.<\/strong><\/em><\/p>\n\n\n\n<hr class=\"wp-block-separator\"\/>\n\n\n\n<p class=\"has-text-align-center has-text-color\" style=\"color:#d12e31;font-size:22px\"><em><strong>INFOS UTILES<\/strong><\/em><\/p>\n\n\n\n<div class=\"wp-block-button aligncenter\"><a class=\"wp-block-button__link has-vivid-red-color has-cyan-bluish-gray-background-color has-text-color has-background\" href=\"http:\/\/www.srcernay-natation.fr\/wp-content\/uploads\/2018\/07\/r%C3%A9glement.pdf\">R\u00e8glement int\u00e9rieur<\/a><\/div>\n\n\n\n<div class=\"wp-block-columns has-2-columns is-layout-flex wp-container-core-columns-is-layout-9d6595d7 wp-block-columns-is-layout-flex\">\n<div class=\"wp-block-column is-layout-flow wp-block-column-is-layout-flow\">\n<div class=\"wp-block-button aligncenter\"><a class=\"wp-block-button__link has-luminous-vivid-orange-color has-very-light-gray-background-color has-text-color has-background\" href=\"http:\/\/www.srcernay-natation.fr\/?page_id=827\">Fiches d&rsquo;inscription<\/a><\/div>\n<\/div>\n\n\n\n<div class=\"wp-block-column is-layout-flow wp-block-column-is-layout-flow\">\n<div class=\"wp-block-button aligncenter\"><a class=\"wp-block-button__link has-vivid-cyan-blue-color has-very-light-gray-background-color has-text-color has-background\" href=\"http:\/\/www.srcernay-natation.fr\/?page_id=355\">Horaires des groupes<\/a><\/div>\n<\/div>\n<\/div>\n\n\n\n<hr class=\"wp-block-separator\"\/>\n\n\n\n<p class=\"has-text-align-center has-text-color\" style=\"color:#0652e5\"><em><strong>APPRENTISSAGE DE LA NATATION<\/strong><\/em> <\/p>\n\n\n\n<div class=\"wp-block-columns has-4-columns is-layout-flex wp-container-core-columns-is-layout-9d6595d7 wp-block-columns-is-layout-flex\">\n<div class=\"wp-block-column is-layout-flow wp-block-column-is-layout-flow\">\n<div class=\"wp-block-button aligncenter\"><a class=\"wp-block-button__link has-vivid-cyan-blue-background-color has-background\" href=\"http:\/\/www.srcernay-natation.fr\/?page_id=348\">Mini-club<\/a><\/div>\n<\/div>\n\n\n\n<div class=\"wp-block-column is-layout-flow wp-block-column-is-layout-flow\">\n<div class=\"wp-block-button aligncenter\"><a class=\"wp-block-button__link has-vivid-cyan-blue-background-color has-background\" href=\"http:\/\/www.srcernay-natation.fr\/?page_id=351\">Sauv&rsquo;Nage<\/a><\/div>\n<\/div>\n\n\n\n<div class=\"wp-block-column is-layout-flow wp-block-column-is-layout-flow\">\n<div class=\"wp-block-button aligncenter\"><a class=\"wp-block-button__link has-vivid-cyan-blue-background-color has-background\" href=\"http:\/\/www.srcernay-natation.fr\/?page_id=353\">Pass&rsquo;sport<\/a><\/div>\n<\/div>\n\n\n\n<div class=\"wp-block-column is-layout-flow wp-block-column-is-layout-flow\">\n<div class=\"wp-block-button aligncenter\"><a class=\"wp-block-button__link has-vivid-cyan-blue-background-color has-background\" href=\"http:\/\/www.srcernay-natation.fr\/?page_id=503\"> Ados\/Loisirs <\/a><\/div>\n<\/div>\n<\/div>\n\n\n\n<hr class=\"wp-block-separator\"\/>\n\n\n\n<div class=\"wp-block-button aligncenter\"><a class=\"wp-block-button__link has-very-light-gray-color has-vivid-green-cyan-background-color has-text-color has-background\" href=\"http:\/\/www.srcernay-natation.fr\/?page_id=106\">Comp\u00e9tition<\/a><\/div>\n\n\n\n<p class=\"has-text-align-center has-vivid-red-color has-text-color\">Pour l&rsquo;acc\u00e8s au groupe comp\u00e9tition, merci de vous adresser \u00e0 l&rsquo;entraineur<\/p>\n\n\n\n<hr class=\"wp-block-separator\"\/>\n\n\n\n<p class=\"has-text-align-center has-text-color\" style=\"color:#0652e5\"> <em><strong>ACTIVIT\u00c9S ADULTES<\/strong><\/em> <\/p>\n\n\n\n<div class=\"wp-block-columns has-3-columns is-layout-flex wp-container-core-columns-is-layout-9d6595d7 wp-block-columns-is-layout-flex\">\n<div class=\"wp-block-column is-layout-flow wp-block-column-is-layout-flow\">\n<div class=\"wp-block-button aligncenter\"><a class=\"wp-block-button__link has-vivid-cyan-blue-background-color has-background\" href=\"http:\/\/www.srcernay-natation.fr\/?page_id=88\">AQUABIKE<\/a><\/div>\n\n\n\n<div class=\"wp-block-image\"><figure class=\"aligncenter is-resized\"><img loading=\"lazy\" decoding=\"async\" data-attachment-id=\"2709\" data-permalink=\"http:\/\/www.srcernay-natation.fr\/?attachment_id=2709\" data-orig-file=\"http:\/\/www.srcernay-natation.fr\/wp-content\/uploads\/2019\/08\/decouvrir-l-aquabike-1413297106.jpg\" data-orig-size=\"840,442\" data-comments-opened=\"1\" data-image-meta=\"{&quot;aperture&quot;:&quot;0&quot;,&quot;credit&quot;:&quot;&quot;,&quot;camera&quot;:&quot;&quot;,&quot;caption&quot;:&quot;&quot;,&quot;created_timestamp&quot;:&quot;0&quot;,&quot;copyright&quot;:&quot;&quot;,&quot;focal_length&quot;:&quot;0&quot;,&quot;iso&quot;:&quot;0&quot;,&quot;shutter_speed&quot;:&quot;0&quot;,&quot;title&quot;:&quot;&quot;,&quot;orientation&quot;:&quot;1&quot;}\" data-image-title=\"decouvrir-l-aquabike-1413297106\" data-image-description=\"\" data-image-caption=\"&lt;p&gt;Aquabike&lt;\/p&gt;\n\" data-large-file=\"http:\/\/www.srcernay-natation.fr\/wp-content\/uploads\/2019\/08\/decouvrir-l-aquabike-1413297106.jpg\" src=\"http:\/\/www.srcernay-natation.fr\/wp-content\/uploads\/2019\/08\/decouvrir-l-aquabike-1413297106.jpg\" alt=\"\" class=\"wp-image-2709\" width=\"189\" height=\"99\" srcset=\"http:\/\/www.srcernay-natation.fr\/wp-content\/uploads\/2019\/08\/decouvrir-l-aquabike-1413297106.jpg 840w, http:\/\/www.srcernay-natation.fr\/wp-content\/uploads\/2019\/08\/decouvrir-l-aquabike-1413297106-300x158.jpg 300w, http:\/\/www.srcernay-natation.fr\/wp-content\/uploads\/2019\/08\/decouvrir-l-aquabike-1413297106-768x404.jpg 768w\" sizes=\"auto, (max-width: 189px) 100vw, 189px\" \/><\/figure><\/div>\n<\/div>\n\n\n\n<div class=\"wp-block-column is-layout-flow wp-block-column-is-layout-flow\">\n<div class=\"wp-block-button aligncenter\"><a class=\"wp-block-button__link has-vivid-cyan-blue-background-color has-background\" href=\"http:\/\/www.srcernay-natation.fr\/?page_id=184\">Sport Tous<\/a><\/div>\n\n\n\n<div class=\"wp-block-image\"><figure class=\"aligncenter is-resized\"><img loading=\"lazy\" decoding=\"async\" data-attachment-id=\"655\" data-permalink=\"http:\/\/www.srcernay-natation.fr\/?attachment_id=655\" data-orig-file=\"http:\/\/www.srcernay-natation.fr\/wp-content\/uploads\/2012\/10\/P1010229_01.jpg\" data-orig-size=\"1300,975\" data-comments-opened=\"1\" data-image-meta=\"{&quot;aperture&quot;:&quot;0&quot;,&quot;credit&quot;:&quot;&quot;,&quot;camera&quot;:&quot;&quot;,&quot;caption&quot;:&quot;&quot;,&quot;created_timestamp&quot;:&quot;0&quot;,&quot;copyright&quot;:&quot;&quot;,&quot;focal_length&quot;:&quot;0&quot;,&quot;iso&quot;:&quot;0&quot;,&quot;shutter_speed&quot;:&quot;0&quot;,&quot;title&quot;:&quot;&quot;}\" data-image-title=\"P1010229_01\" data-image-description=\"\" data-image-caption=\"\" data-large-file=\"http:\/\/www.srcernay-natation.fr\/wp-content\/uploads\/2012\/10\/P1010229_01-1024x768.jpg\" src=\"http:\/\/www.srcernay-natation.fr\/wp-content\/uploads\/2012\/10\/P1010229_01-1024x768.jpg\" alt=\"\" class=\"wp-image-655\" width=\"153\" height=\"114\" srcset=\"http:\/\/www.srcernay-natation.fr\/wp-content\/uploads\/2012\/10\/P1010229_01-1024x768.jpg 1024w, http:\/\/www.srcernay-natation.fr\/wp-content\/uploads\/2012\/10\/P1010229_01-300x225.jpg 300w, http:\/\/www.srcernay-natation.fr\/wp-content\/uploads\/2012\/10\/P1010229_01-200x150.jpg 200w, http:\/\/www.srcernay-natation.fr\/wp-content\/uploads\/2012\/10\/P1010229_01.jpg 1300w\" sizes=\"auto, (max-width: 153px) 100vw, 153px\" \/><\/figure><\/div>\n<\/div>\n<\/div>\n","protected":false},"excerpt":{"rendered":"<p>Les activit\u00e9s multiples propos\u00e9es par une \u00e9quipe dynamique o\u00f9 chacun y trouvera sa place. INFOS UTILES APPRENTISSAGE DE LA NATATION Pour l&rsquo;acc\u00e8s au groupe comp\u00e9tition, merci de vous adresser \u00e0 l&rsquo;entraineur ACTIVIT\u00c9S ADULTES<\/p>\n","protected":false},"author":3,"featured_media":0,"parent":0,"menu_order":3,"comment_status":"closed","ping_status":"closed","template":"","meta":{"jetpack_post_was_ever_published":false,"footnotes":""},"class_list":["post-36","page","type-page","status-publish","hentry"],"jetpack_sharing_enabled":true,"jetpack_shortlink":"https:\/\/wp.me\/P2O9pL-A","jetpack_likes_enabled":true,"jetpack-related-posts":[],"_links":{"self":[{"href":"http:\/\/www.srcernay-natation.fr\/index.php?rest_route=\/wp\/v2\/pages\/36","targetHints":{"allow":["GET"]}}],"collection":[{"href":"http:\/\/www.srcernay-natation.fr\/index.php?rest_route=\/wp\/v2\/pages"}],"about":[{"href":"http:\/\/www.srcernay-natation.fr\/index.php?rest_route=\/wp\/v2\/types\/page"}],"author":[{"embeddable":true,"href":"http:\/\/www.srcernay-natation.fr\/index.php?rest_route=\/wp\/v2\/users\/3"}],"replies":[{"embeddable":true,"href":"http:\/\/www.srcernay-natation.fr\/index.php?rest_route=%2Fwp%2Fv2%2Fcomments&post=36"}],"version-history":[{"count":24,"href":"http:\/\/www.srcernay-natation.fr\/index.php?rest_route=\/wp\/v2\/pages\/36\/revisions"}],"predecessor-version":[{"id":3813,"href":"http:\/\/www.srcernay-natation.fr\/index.php?rest_route=\/wp\/v2\/pages\/36\/revisions\/3813"}],"wp:attachment":[{"href":"http:\/\/www.srcernay-natation.fr\/index.php?rest_route=%2Fwp%2Fv2%2Fmedia&parent=36"}],"curies":[{"name":"wp","href":"https:\/\/api.w.org\/{rel}","templated":true}]}}