{"id":355,"date":"2012-10-27T15:07:49","date_gmt":"2012-10-27T14:07:49","guid":{"rendered":"http:\/\/www.srcernay-natation.fr\/?page_id=355"},"modified":"2025-07-15T15:59:24","modified_gmt":"2025-07-15T13:59:24","slug":"horaires-des-groupes","status":"publish","type":"page","link":"http:\/\/www.srcernay-natation.fr\/?page_id=355","title":{"rendered":"Horaires des groupes"},"content":{"rendered":"<p style=\"text-align: center;\"><span style=\"color: #000000;\"><strong>HORAIRES DES GROUPES 20250\/2026<\/strong><\/span><\/p>\n<h1><strong>Groupes et horaires :<\/strong><\/h1>\n<p><strong>Crevette :<\/strong>\u00a0nouveaux adh\u00e9rents 5 \u00e0 7 ans d\u00e9butant<\/p>\n<ul>\n<li><em>Horaires * :<\/em><\/li>\n<li>mercredi 13h30-14h15<\/li>\n<li>samedi 11h-11h45<\/li>\n<\/ul>\n<p><strong>Poisson :<\/strong>\u00a0sortie crevette ou nouveaux adh\u00e9rents (saute et barbotte dans l\u2019eau)<\/p>\n<ul>\n<li><em>Horaires * :<\/em><\/li>\n<li>mardi 17h-17h45<\/li>\n<li>mercredi 13h30-14h15<\/li>\n<li>samedi 10h-10h45<\/li>\n<\/ul>\n<p><strong>Espadon :<\/strong>\u00a0sortie poisson ou nouveaux adh\u00e9rents (maitrise dos et crawl approximatif)<\/p>\n<ul>\n<li><em>Horaires * :<\/em><\/li>\n<li>mercredi 14h30-15h15<\/li>\n<li>jeudi 17h-17h45<\/li>\n<li>samedi 9h-9h45<\/li>\n<\/ul>\n<p><strong>Requin :<\/strong>\u00a0sortie poisson ou espadon ou nouveaux adh\u00e9rents (maitrise dos et crawl mais trop ag\u00e9 pour pr\u00e9compet)<\/p>\n<ul>\n<li><em>Horaires * :<\/em><\/li>\n<li>samedi 11h-11h45<\/li>\n<\/ul>\n<p><strong>Pr\u00e9 Compet :<\/strong>\u00a0sortie espadon ou dauphin (maitrise dos et crawl a vu le papillon)<\/p>\n<ul>\n<li><em>Horaires :<\/em><\/li>\n<li>mardi 17h-18h<\/li>\n<li>mercredi 15h30-16h30<\/li>\n<li>samedi 9h-10h<\/li>\n<\/ul>\n<p><strong>Avenir :<\/strong><\/p>\n<ul>\n<li><em>Horaires :<\/em><\/li>\n<li>lundi 17h-18h<\/li>\n<li>mardi 17h-18h<\/li>\n<li>mercredi 16h30-17h30<\/li>\n<li>vendredi 17h-18h<\/li>\n<li>samedi 9h-10h<\/li>\n<\/ul>\n<p><strong>Ados Loisirs (14 ans et -) :<\/strong>\u00a0minimum en 6\u00e8me<\/p>\n<ul>\n<li><em>Horaires :<\/em><\/li>\n<li>mardi 18h-19h<\/li>\n<\/ul>\n<p><strong>Ados Loisirs (15 ans et +) :<\/strong><\/p>\n<ul>\n<li><em>Horaires :<\/em><\/li>\n<li>samedi 10h-11h<\/li>\n<\/ul>\n<p><strong>Adultes Loisirs :<\/strong><\/p>\n<ul>\n<li><em>Horaires :<\/em><\/li>\n<li>lundi 19h30-20h30<\/li>\n<li>samedi 8h-9h<\/li>\n<\/ul>\n<p><strong>Aqua Bike\u00a0<\/strong><em>(inscription par trimestre)<\/em><strong>\u00a0:<\/strong><\/p>\n<ul>\n<li><em>Horaires * :<\/em><\/li>\n<li>Contacter Jean-Claude Gangler : 06 33 23 39 25<\/li>\n<\/ul>\n<p><em>* 1 cr\u00e9neau par semaine, valable toute la saison, \u00e0 choisir lors de l\u2019inscription<\/em><\/p>\n","protected":false},"excerpt":{"rendered":"<p>HORAIRES DES GROUPES 20250\/2026 Groupes et horaires : Crevette :\u00a0nouveaux adh\u00e9rents 5 \u00e0 7 ans d\u00e9butant Horaires * : mercredi 13h30-14h15 samedi 11h-11h45 Poisson :\u00a0sortie crevette ou nouveaux adh\u00e9rents (saute et barbotte dans l\u2019eau) Horaires * : mardi 17h-17h45 mercredi 13h30-14h15 samedi 10h-10h45 Espadon :\u00a0sortie poisson ou nouveaux adh\u00e9rents (maitrise dos et crawl approximatif) Horaires [&hellip;]<\/p>\n","protected":false},"author":1,"featured_media":0,"parent":36,"menu_order":8,"comment_status":"open","ping_status":"closed","template":"","meta":{"jetpack_post_was_ever_published":false,"footnotes":""},"class_list":["post-355","page","type-page","status-publish","hentry"],"jetpack_sharing_enabled":true,"jetpack_shortlink":"https:\/\/wp.me\/P2O9pL-5J","jetpack_likes_enabled":true,"jetpack-related-posts":[],"_links":{"self":[{"href":"http:\/\/www.srcernay-natation.fr\/index.php?rest_route=\/wp\/v2\/pages\/355","targetHints":{"allow":["GET"]}}],"collection":[{"href":"http:\/\/www.srcernay-natation.fr\/index.php?rest_route=\/wp\/v2\/pages"}],"about":[{"href":"http:\/\/www.srcernay-natation.fr\/index.php?rest_route=\/wp\/v2\/types\/page"}],"author":[{"embeddable":true,"href":"http:\/\/www.srcernay-natation.fr\/index.php?rest_route=\/wp\/v2\/users\/1"}],"replies":[{"embeddable":true,"href":"http:\/\/www.srcernay-natation.fr\/index.php?rest_route=%2Fwp%2Fv2%2Fcomments&post=355"}],"version-history":[{"count":30,"href":"http:\/\/www.srcernay-natation.fr\/index.php?rest_route=\/wp\/v2\/pages\/355\/revisions"}],"predecessor-version":[{"id":4444,"href":"http:\/\/www.srcernay-natation.fr\/index.php?rest_route=\/wp\/v2\/pages\/355\/revisions\/4444"}],"up":[{"embeddable":true,"href":"http:\/\/www.srcernay-natation.fr\/index.php?rest_route=\/wp\/v2\/pages\/36"}],"wp:attachment":[{"href":"http:\/\/www.srcernay-natation.fr\/index.php?rest_route=%2Fwp%2Fv2%2Fmedia&parent=355"}],"curies":[{"name":"wp","href":"https:\/\/api.w.org\/{rel}","templated":true}]}}