{"id":351,"date":"2012-10-27T15:06:49","date_gmt":"2012-10-27T14:06:49","guid":{"rendered":"http:\/\/www.srcernay-natation.fr\/?page_id=351"},"modified":"2025-07-15T16:00:13","modified_gmt":"2025-07-15T14:00:13","slug":"ecole-de-natation","status":"publish","type":"page","link":"http:\/\/www.srcernay-natation.fr\/?page_id=351","title":{"rendered":"Ecole de natation"},"content":{"rendered":"<p><strong>Crevette :<\/strong>\u00a0nouveaux adh\u00e9rents 5 \u00e0 7 ans d\u00e9butant<\/p>\n<ul>\n<li><em>Horaires * :<\/em><\/li>\n<li>mercredi 13h30-14h15<\/li>\n<li>samedi 11h-11h45<\/li>\n<\/ul>\n<p><strong>Poisson :<\/strong>\u00a0sortie crevette ou nouveaux adh\u00e9rents (saute et barbotte dans l\u2019eau)<\/p>\n<ul>\n<li><em>Horaires * :<\/em><\/li>\n<li>mardi 17h-17h45<\/li>\n<li>mercredi 13h30-14h15<\/li>\n<li>samedi 10h-10h45<\/li>\n<\/ul>\n<p><strong>Espadon :<\/strong>\u00a0sortie poisson ou nouveaux adh\u00e9rents (maitrise dos et crawl approximatif)<\/p>\n<ul>\n<li><em>Horaires * :<\/em><\/li>\n<li>mercredi 14h30-15h15<\/li>\n<li>jeudi 17h-17h45<\/li>\n<li>samedi 9h-9h45<\/li>\n<\/ul>\n<p><strong>Requin :<\/strong>\u00a0sortie poisson ou espadon ou nouveaux adh\u00e9rents (maitrise dos et crawl mais trop ag\u00e9 pour pr\u00e9compet)<\/p>\n<ul>\n<li><em>Horaires * :<\/em><\/li>\n<li>samedi 11h-11h45<\/li>\n<\/ul>\n<p><em>* 1 cr\u00e9neau par semaine, valable toute la saison, \u00e0 choisir lors de l\u2019inscription<\/em><\/p>\n","protected":false},"excerpt":{"rendered":"<p>Crevette :\u00a0nouveaux adh\u00e9rents 5 \u00e0 7 ans d\u00e9butant Horaires * : mercredi 13h30-14h15 samedi 11h-11h45 Poisson :\u00a0sortie crevette ou nouveaux adh\u00e9rents (saute et barbotte dans l\u2019eau) Horaires * : mardi 17h-17h45 mercredi 13h30-14h15 samedi 10h-10h45 Espadon :\u00a0sortie poisson ou nouveaux adh\u00e9rents (maitrise dos et crawl approximatif) Horaires * : mercredi 14h30-15h15 jeudi 17h-17h45 samedi 9h-9h45 [&hellip;]<\/p>\n","protected":false},"author":1,"featured_media":0,"parent":36,"menu_order":5,"comment_status":"open","ping_status":"closed","template":"","meta":{"jetpack_post_was_ever_published":false,"footnotes":""},"class_list":["post-351","page","type-page","status-publish","hentry"],"jetpack_sharing_enabled":true,"jetpack_shortlink":"https:\/\/wp.me\/P2O9pL-5F","jetpack_likes_enabled":true,"jetpack-related-posts":[],"_links":{"self":[{"href":"http:\/\/www.srcernay-natation.fr\/index.php?rest_route=\/wp\/v2\/pages\/351","targetHints":{"allow":["GET"]}}],"collection":[{"href":"http:\/\/www.srcernay-natation.fr\/index.php?rest_route=\/wp\/v2\/pages"}],"about":[{"href":"http:\/\/www.srcernay-natation.fr\/index.php?rest_route=\/wp\/v2\/types\/page"}],"author":[{"embeddable":true,"href":"http:\/\/www.srcernay-natation.fr\/index.php?rest_route=\/wp\/v2\/users\/1"}],"replies":[{"embeddable":true,"href":"http:\/\/www.srcernay-natation.fr\/index.php?rest_route=%2Fwp%2Fv2%2Fcomments&post=351"}],"version-history":[{"count":13,"href":"http:\/\/www.srcernay-natation.fr\/index.php?rest_route=\/wp\/v2\/pages\/351\/revisions"}],"predecessor-version":[{"id":4445,"href":"http:\/\/www.srcernay-natation.fr\/index.php?rest_route=\/wp\/v2\/pages\/351\/revisions\/4445"}],"up":[{"embeddable":true,"href":"http:\/\/www.srcernay-natation.fr\/index.php?rest_route=\/wp\/v2\/pages\/36"}],"wp:attachment":[{"href":"http:\/\/www.srcernay-natation.fr\/index.php?rest_route=%2Fwp%2Fv2%2Fmedia&parent=351"}],"curies":[{"name":"wp","href":"https:\/\/api.w.org\/{rel}","templated":true}]}}