{"id":1274,"date":"2014-10-28T15:47:53","date_gmt":"2014-10-28T14:47:53","guid":{"rendered":"http:\/\/www.srcernay-natation.fr\/?page_id=1274"},"modified":"2020-02-15T18:20:34","modified_gmt":"2020-02-15T17:20:34","slug":"majorque-2014","status":"publish","type":"page","link":"http:\/\/www.srcernay-natation.fr\/?page_id=1274","title":{"rendered":"Majorque 2014"},"content":{"rendered":"<p><a href=\"http:\/\/www.srcernay-natation.fr\/wp-content\/uploads\/2013\/03\/image.jpg\" target=\"_blank\" rel=\"noopener noreferrer\"><img loading=\"lazy\" decoding=\"async\" data-attachment-id=\"1085\" data-permalink=\"http:\/\/www.srcernay-natation.fr\/?attachment_id=1085\" data-orig-file=\"http:\/\/www.srcernay-natation.fr\/wp-content\/uploads\/2013\/03\/image-e1398429693479.jpg\" data-orig-size=\"2448,3264\" data-comments-opened=\"1\" data-image-meta=\"{&quot;aperture&quot;:&quot;0&quot;,&quot;credit&quot;:&quot;&quot;,&quot;camera&quot;:&quot;&quot;,&quot;caption&quot;:&quot;&quot;,&quot;created_timestamp&quot;:&quot;0&quot;,&quot;copyright&quot;:&quot;&quot;,&quot;focal_length&quot;:&quot;0&quot;,&quot;iso&quot;:&quot;0&quot;,&quot;shutter_speed&quot;:&quot;0&quot;,&quot;title&quot;:&quot;&quot;}\" data-image-title=\"Premi\u00e8re photo a la mer\" data-image-description=\"\" data-image-caption=\"\" data-large-file=\"http:\/\/www.srcernay-natation.fr\/wp-content\/uploads\/2013\/03\/image-e1398429693479-768x1024.jpg\" class=\"alignnone wp-image-1085 size-thumbnail\" src=\"http:\/\/www.srcernay-natation.fr\/wp-content\/uploads\/2013\/03\/image-e1398429693479-150x150.jpg\" alt=\"Premi\u00e8re photo a la mer\" width=\"150\" height=\"150\" \/><\/a><\/p>\n<p>&nbsp;<\/p>\n<p>Bien arriv\u00e9e premi\u00e8re a la plage<\/p>\n<p>&nbsp;<\/p>\n<p>&nbsp;<\/p>\n<p><a href=\"http:\/\/www.srcernay-natation.fr\/wp-content\/uploads\/2013\/03\/image1.jpg\"><img loading=\"lazy\" decoding=\"async\" data-attachment-id=\"1088\" data-permalink=\"http:\/\/www.srcernay-natation.fr\/?attachment_id=1088\" data-orig-file=\"http:\/\/www.srcernay-natation.fr\/wp-content\/uploads\/2013\/03\/image1-e1398429719428.jpg\" data-orig-size=\"2448,3264\" data-comments-opened=\"1\" data-image-meta=\"{&quot;aperture&quot;:&quot;0&quot;,&quot;credit&quot;:&quot;&quot;,&quot;camera&quot;:&quot;&quot;,&quot;caption&quot;:&quot;&quot;,&quot;created_timestamp&quot;:&quot;0&quot;,&quot;copyright&quot;:&quot;&quot;,&quot;focal_length&quot;:&quot;0&quot;,&quot;iso&quot;:&quot;0&quot;,&quot;shutter_speed&quot;:&quot;0&quot;,&quot;title&quot;:&quot;&quot;}\" data-image-title=\"Premi\u00e8re s\u00e9ance \" data-image-description=\"\" data-image-caption=\"\" data-large-file=\"http:\/\/www.srcernay-natation.fr\/wp-content\/uploads\/2013\/03\/image1-e1398429719428-768x1024.jpg\" class=\"alignnone wp-image-1088 size-thumbnail\" src=\"http:\/\/www.srcernay-natation.fr\/wp-content\/uploads\/2013\/03\/image1-e1398429719428-150x150.jpg\" alt=\"Premi\u00e8re s\u00e9ance \" width=\"150\" height=\"150\" \/><\/a><\/p>\n<p>&nbsp;<\/p>\n<p>Premi\u00e8re s\u00e9ance cr\u00e8me solaire obligatoire<\/p>\n<p><a href=\"http:\/\/www.srcernay-natation.fr\/wp-content\/uploads\/2013\/03\/image2.jpg\"><img loading=\"lazy\" decoding=\"async\" data-attachment-id=\"1090\" data-permalink=\"http:\/\/www.srcernay-natation.fr\/?attachment_id=1090\" data-orig-file=\"http:\/\/www.srcernay-natation.fr\/wp-content\/uploads\/2013\/03\/image2-e1398429737253.jpg\" data-orig-size=\"2448,3264\" data-comments-opened=\"1\" data-image-meta=\"{&quot;aperture&quot;:&quot;0&quot;,&quot;credit&quot;:&quot;&quot;,&quot;camera&quot;:&quot;&quot;,&quot;caption&quot;:&quot;&quot;,&quot;created_timestamp&quot;:&quot;0&quot;,&quot;copyright&quot;:&quot;&quot;,&quot;focal_length&quot;:&quot;0&quot;,&quot;iso&quot;:&quot;0&quot;,&quot;shutter_speed&quot;:&quot;0&quot;,&quot;title&quot;:&quot;&quot;}\" data-image-title=\"image\" data-image-description=\"\" data-image-caption=\"\" data-large-file=\"http:\/\/www.srcernay-natation.fr\/wp-content\/uploads\/2013\/03\/image2-e1398429737253-768x1024.jpg\" class=\"alignnone wp-image-1090 size-thumbnail\" src=\"http:\/\/www.srcernay-natation.fr\/wp-content\/uploads\/2013\/03\/image2-e1398429737253-150x150.jpg\" alt=\"image\" width=\"150\" height=\"150\" \/><\/a><\/p>\n<p>Entrainement du matin 7h les yeux sont pas tout a fait ouvert \ud83d\ude42<\/p>\n<p><a href=\"http:\/\/www.srcernay-natation.fr\/wp-content\/uploads\/2013\/03\/image3.jpg\"><img loading=\"lazy\" decoding=\"async\" data-attachment-id=\"1093\" data-permalink=\"http:\/\/www.srcernay-natation.fr\/?attachment_id=1093\" data-orig-file=\"http:\/\/www.srcernay-natation.fr\/wp-content\/uploads\/2013\/03\/image3.jpg\" data-orig-size=\"2592,1936\" data-comments-opened=\"1\" data-image-meta=\"{&quot;aperture&quot;:&quot;0&quot;,&quot;credit&quot;:&quot;&quot;,&quot;camera&quot;:&quot;&quot;,&quot;caption&quot;:&quot;&quot;,&quot;created_timestamp&quot;:&quot;0&quot;,&quot;copyright&quot;:&quot;&quot;,&quot;focal_length&quot;:&quot;0&quot;,&quot;iso&quot;:&quot;0&quot;,&quot;shutter_speed&quot;:&quot;0&quot;,&quot;title&quot;:&quot;&quot;}\" data-image-title=\"image\" data-image-description=\"\" data-image-caption=\"\" data-large-file=\"http:\/\/www.srcernay-natation.fr\/wp-content\/uploads\/2013\/03\/image3-1024x764.jpg\" class=\"alignnone size-thumbnail wp-image-1093\" src=\"http:\/\/www.srcernay-natation.fr\/wp-content\/uploads\/2013\/03\/image3-150x150.jpg\" alt=\"image\" width=\"150\" height=\"150\" \/><\/a><\/p>\n<p>Photo de groupe le premier jour<\/p>\n<p><a href=\"http:\/\/www.srcernay-natation.fr\/wp-content\/uploads\/2013\/03\/image4.jpg\"><img loading=\"lazy\" decoding=\"async\" data-attachment-id=\"1094\" data-permalink=\"http:\/\/www.srcernay-natation.fr\/?attachment_id=1094\" data-orig-file=\"http:\/\/www.srcernay-natation.fr\/wp-content\/uploads\/2013\/03\/image4.jpg\" data-orig-size=\"3264,2448\" data-comments-opened=\"1\" data-image-meta=\"{&quot;aperture&quot;:&quot;0&quot;,&quot;credit&quot;:&quot;&quot;,&quot;camera&quot;:&quot;&quot;,&quot;caption&quot;:&quot;&quot;,&quot;created_timestamp&quot;:&quot;0&quot;,&quot;copyright&quot;:&quot;&quot;,&quot;focal_length&quot;:&quot;0&quot;,&quot;iso&quot;:&quot;0&quot;,&quot;shutter_speed&quot;:&quot;0&quot;,&quot;title&quot;:&quot;&quot;}\" data-image-title=\"image\" data-image-description=\"\" data-image-caption=\"\" data-large-file=\"http:\/\/www.srcernay-natation.fr\/wp-content\/uploads\/2013\/03\/image4-1024x768.jpg\" class=\"alignnone size-thumbnail wp-image-1094\" src=\"http:\/\/www.srcernay-natation.fr\/wp-content\/uploads\/2013\/03\/image4-150x150.jpg\" alt=\"image\" width=\"150\" height=\"150\" \/><\/a><\/p>\n<p>Si vous trouvez votre enfant sur la photo c&rsquo;est qu&rsquo;il est encore en vie \ud83d\ude09<\/p>\n<p>je plaisante ils sont tous en vie<\/p>\n<p><a href=\"http:\/\/www.srcernay-natation.fr\/wp-content\/uploads\/2013\/03\/image5.jpg\"><img loading=\"lazy\" decoding=\"async\" data-attachment-id=\"1096\" data-permalink=\"http:\/\/www.srcernay-natation.fr\/?attachment_id=1096\" data-orig-file=\"http:\/\/www.srcernay-natation.fr\/wp-content\/uploads\/2013\/03\/image5-e1398429767520.jpg\" data-orig-size=\"2448,3264\" data-comments-opened=\"1\" data-image-meta=\"{&quot;aperture&quot;:&quot;0&quot;,&quot;credit&quot;:&quot;&quot;,&quot;camera&quot;:&quot;&quot;,&quot;caption&quot;:&quot;&quot;,&quot;created_timestamp&quot;:&quot;0&quot;,&quot;copyright&quot;:&quot;&quot;,&quot;focal_length&quot;:&quot;0&quot;,&quot;iso&quot;:&quot;0&quot;,&quot;shutter_speed&quot;:&quot;0&quot;,&quot;title&quot;:&quot;&quot;}\" data-image-title=\"image\" data-image-description=\"\" data-image-caption=\"\" data-large-file=\"http:\/\/www.srcernay-natation.fr\/wp-content\/uploads\/2013\/03\/image5-e1398429767520-768x1024.jpg\" class=\"alignnone wp-image-1096 size-thumbnail\" src=\"http:\/\/www.srcernay-natation.fr\/wp-content\/uploads\/2013\/03\/image5-e1398429767520-150x150.jpg\" alt=\"image\" width=\"150\" height=\"150\" \/><\/a><\/p>\n<p>Petit d\u00e9jeuner avant la torture matinal \ud83d\ude42 bonjour a tous!!!<\/p>\n<p>seance de bronzage active<\/p>\n<p><a href=\"http:\/\/www.srcernay-natation.fr\/wp-content\/uploads\/2013\/03\/image6.jpg\"><img loading=\"lazy\" decoding=\"async\" data-attachment-id=\"1098\" data-permalink=\"http:\/\/www.srcernay-natation.fr\/?attachment_id=1098\" data-orig-file=\"http:\/\/www.srcernay-natation.fr\/wp-content\/uploads\/2013\/03\/image6-e1398429791631.jpg\" data-orig-size=\"2448,3264\" data-comments-opened=\"1\" data-image-meta=\"{&quot;aperture&quot;:&quot;0&quot;,&quot;credit&quot;:&quot;&quot;,&quot;camera&quot;:&quot;&quot;,&quot;caption&quot;:&quot;&quot;,&quot;created_timestamp&quot;:&quot;0&quot;,&quot;copyright&quot;:&quot;&quot;,&quot;focal_length&quot;:&quot;0&quot;,&quot;iso&quot;:&quot;0&quot;,&quot;shutter_speed&quot;:&quot;0&quot;,&quot;title&quot;:&quot;&quot;}\" data-image-title=\"image\" data-image-description=\"\" data-image-caption=\"\" data-large-file=\"http:\/\/www.srcernay-natation.fr\/wp-content\/uploads\/2013\/03\/image6-e1398429791631-768x1024.jpg\" class=\"alignnone wp-image-1098 size-thumbnail\" src=\"http:\/\/www.srcernay-natation.fr\/wp-content\/uploads\/2013\/03\/image6-e1398429791631-150x150.jpg\" alt=\"image\" width=\"150\" height=\"150\" \/><\/a><\/p>\n<p>Valentin Maxime Alexia Claire<\/p>\n<p><a href=\"http:\/\/www.srcernay-natation.fr\/wp-content\/uploads\/2013\/03\/image7.jpg\"><img loading=\"lazy\" decoding=\"async\" data-attachment-id=\"1099\" data-permalink=\"http:\/\/www.srcernay-natation.fr\/?attachment_id=1099\" data-orig-file=\"http:\/\/www.srcernay-natation.fr\/wp-content\/uploads\/2013\/03\/image7-e1398429812498.jpg\" data-orig-size=\"2448,3264\" data-comments-opened=\"1\" data-image-meta=\"{&quot;aperture&quot;:&quot;0&quot;,&quot;credit&quot;:&quot;&quot;,&quot;camera&quot;:&quot;&quot;,&quot;caption&quot;:&quot;&quot;,&quot;created_timestamp&quot;:&quot;0&quot;,&quot;copyright&quot;:&quot;&quot;,&quot;focal_length&quot;:&quot;0&quot;,&quot;iso&quot;:&quot;0&quot;,&quot;shutter_speed&quot;:&quot;0&quot;,&quot;title&quot;:&quot;&quot;}\" data-image-title=\"image\" data-image-description=\"\" data-image-caption=\"\" data-large-file=\"http:\/\/www.srcernay-natation.fr\/wp-content\/uploads\/2013\/03\/image7-e1398429812498-768x1024.jpg\" class=\"alignnone wp-image-1099 size-thumbnail\" src=\"http:\/\/www.srcernay-natation.fr\/wp-content\/uploads\/2013\/03\/image7-e1398429812498-150x150.jpg\" alt=\"image\" width=\"150\" height=\"150\" \/><\/a><\/p>\n<p>Charlotte Joanne Colette Aur\u00e9lie<\/p>\n<p><a href=\"http:\/\/www.srcernay-natation.fr\/wp-content\/uploads\/2013\/03\/image8.jpg\"><img loading=\"lazy\" decoding=\"async\" data-attachment-id=\"1100\" data-permalink=\"http:\/\/www.srcernay-natation.fr\/?attachment_id=1100\" data-orig-file=\"http:\/\/www.srcernay-natation.fr\/wp-content\/uploads\/2013\/03\/image8-e1398429829505.jpg\" data-orig-size=\"2448,3264\" data-comments-opened=\"1\" data-image-meta=\"{&quot;aperture&quot;:&quot;0&quot;,&quot;credit&quot;:&quot;&quot;,&quot;camera&quot;:&quot;&quot;,&quot;caption&quot;:&quot;&quot;,&quot;created_timestamp&quot;:&quot;0&quot;,&quot;copyright&quot;:&quot;&quot;,&quot;focal_length&quot;:&quot;0&quot;,&quot;iso&quot;:&quot;0&quot;,&quot;shutter_speed&quot;:&quot;0&quot;,&quot;title&quot;:&quot;&quot;}\" data-image-title=\"image\" data-image-description=\"\" data-image-caption=\"\" data-large-file=\"http:\/\/www.srcernay-natation.fr\/wp-content\/uploads\/2013\/03\/image8-e1398429829505-768x1024.jpg\" class=\"alignnone wp-image-1100 size-thumbnail\" src=\"http:\/\/www.srcernay-natation.fr\/wp-content\/uploads\/2013\/03\/image8-e1398429829505-150x150.jpg\" alt=\"image\" width=\"150\" height=\"150\" \/><\/a><\/p>\n<p>Laure Tom Am\u00e9lie<\/p>\n<p><a href=\"http:\/\/www.srcernay-natation.fr\/wp-content\/uploads\/2013\/03\/image9.jpg\"><img loading=\"lazy\" decoding=\"async\" data-attachment-id=\"1101\" data-permalink=\"http:\/\/www.srcernay-natation.fr\/?attachment_id=1101\" data-orig-file=\"http:\/\/www.srcernay-natation.fr\/wp-content\/uploads\/2013\/03\/image9-e1398429855311.jpg\" data-orig-size=\"2448,3264\" data-comments-opened=\"1\" data-image-meta=\"{&quot;aperture&quot;:&quot;0&quot;,&quot;credit&quot;:&quot;&quot;,&quot;camera&quot;:&quot;&quot;,&quot;caption&quot;:&quot;&quot;,&quot;created_timestamp&quot;:&quot;0&quot;,&quot;copyright&quot;:&quot;&quot;,&quot;focal_length&quot;:&quot;0&quot;,&quot;iso&quot;:&quot;0&quot;,&quot;shutter_speed&quot;:&quot;0&quot;,&quot;title&quot;:&quot;&quot;}\" data-image-title=\"image\" data-image-description=\"\" data-image-caption=\"\" data-large-file=\"http:\/\/www.srcernay-natation.fr\/wp-content\/uploads\/2013\/03\/image9-e1398429855311-768x1024.jpg\" class=\"alignnone wp-image-1101 size-thumbnail\" src=\"http:\/\/www.srcernay-natation.fr\/wp-content\/uploads\/2013\/03\/image9-e1398429855311-150x150.jpg\" alt=\"image\" width=\"150\" height=\"150\" \/><\/a><\/p>\n<p>Noeline Amandine Lina Charlotte<\/p>\n<p><a href=\"http:\/\/www.srcernay-natation.fr\/wp-content\/uploads\/2013\/03\/image10.jpg\"><img loading=\"lazy\" decoding=\"async\" data-attachment-id=\"1102\" data-permalink=\"http:\/\/www.srcernay-natation.fr\/?attachment_id=1102\" data-orig-file=\"http:\/\/www.srcernay-natation.fr\/wp-content\/uploads\/2013\/03\/image10-e1398429883951.jpg\" data-orig-size=\"2448,3264\" data-comments-opened=\"1\" data-image-meta=\"{&quot;aperture&quot;:&quot;0&quot;,&quot;credit&quot;:&quot;&quot;,&quot;camera&quot;:&quot;&quot;,&quot;caption&quot;:&quot;&quot;,&quot;created_timestamp&quot;:&quot;0&quot;,&quot;copyright&quot;:&quot;&quot;,&quot;focal_length&quot;:&quot;0&quot;,&quot;iso&quot;:&quot;0&quot;,&quot;shutter_speed&quot;:&quot;0&quot;,&quot;title&quot;:&quot;&quot;}\" data-image-title=\"image\" data-image-description=\"\" data-image-caption=\"\" data-large-file=\"http:\/\/www.srcernay-natation.fr\/wp-content\/uploads\/2013\/03\/image10-e1398429883951-768x1024.jpg\" class=\"alignnone wp-image-1102 size-thumbnail\" src=\"http:\/\/www.srcernay-natation.fr\/wp-content\/uploads\/2013\/03\/image10-e1398429883951-150x150.jpg\" alt=\"image\" width=\"150\" height=\"150\" \/><\/a><\/p>\n<p>Stop le glandage on reprend le travail et sa se voit a leur t\u00eate \ud83d\ude00<\/p>\n<p><a href=\"http:\/\/www.srcernay-natation.fr\/wp-content\/uploads\/2013\/03\/image11.jpg\"><img loading=\"lazy\" decoding=\"async\" data-attachment-id=\"1104\" data-permalink=\"http:\/\/www.srcernay-natation.fr\/?attachment_id=1104\" data-orig-file=\"http:\/\/www.srcernay-natation.fr\/wp-content\/uploads\/2013\/03\/image11.jpg\" data-orig-size=\"3264,2448\" data-comments-opened=\"1\" data-image-meta=\"{&quot;aperture&quot;:&quot;0&quot;,&quot;credit&quot;:&quot;&quot;,&quot;camera&quot;:&quot;&quot;,&quot;caption&quot;:&quot;&quot;,&quot;created_timestamp&quot;:&quot;0&quot;,&quot;copyright&quot;:&quot;&quot;,&quot;focal_length&quot;:&quot;0&quot;,&quot;iso&quot;:&quot;0&quot;,&quot;shutter_speed&quot;:&quot;0&quot;,&quot;title&quot;:&quot;&quot;}\" data-image-title=\"image\" data-image-description=\"\" data-image-caption=\"\" data-large-file=\"http:\/\/www.srcernay-natation.fr\/wp-content\/uploads\/2013\/03\/image11-1024x768.jpg\" class=\"alignnone size-thumbnail wp-image-1104\" src=\"http:\/\/www.srcernay-natation.fr\/wp-content\/uploads\/2013\/03\/image11-150x150.jpg\" alt=\"image\" width=\"150\" height=\"150\" \/><\/a><\/p>\n<p>Aujourd&rsquo;hui \u00a0nous sommes punis de natation \ud83d\ude41<\/p>\n<p><a href=\"http:\/\/www.srcernay-natation.fr\/wp-content\/uploads\/2013\/03\/image13.jpg\"><img loading=\"lazy\" decoding=\"async\" data-attachment-id=\"1108\" data-permalink=\"http:\/\/www.srcernay-natation.fr\/?attachment_id=1108\" data-orig-file=\"http:\/\/www.srcernay-natation.fr\/wp-content\/uploads\/2013\/03\/image13-e1398429908876.jpg\" data-orig-size=\"2448,3264\" data-comments-opened=\"1\" data-image-meta=\"{&quot;aperture&quot;:&quot;0&quot;,&quot;credit&quot;:&quot;&quot;,&quot;camera&quot;:&quot;&quot;,&quot;caption&quot;:&quot;&quot;,&quot;created_timestamp&quot;:&quot;0&quot;,&quot;copyright&quot;:&quot;&quot;,&quot;focal_length&quot;:&quot;0&quot;,&quot;iso&quot;:&quot;0&quot;,&quot;shutter_speed&quot;:&quot;0&quot;,&quot;title&quot;:&quot;&quot;}\" data-image-title=\"image\" data-image-description=\"\" data-image-caption=\"\" data-large-file=\"http:\/\/www.srcernay-natation.fr\/wp-content\/uploads\/2013\/03\/image13-e1398429908876-768x1024.jpg\" class=\"alignnone wp-image-1108 size-thumbnail\" src=\"http:\/\/www.srcernay-natation.fr\/wp-content\/uploads\/2013\/03\/image13-e1398429908876-150x150.jpg\" alt=\"image\" width=\"150\" height=\"150\" \/><\/a><\/p>\n<p>Le manque de chlore se fait ressentir \ud83d\ude09<\/p>\n<p><a href=\"http:\/\/www.srcernay-natation.fr\/wp-content\/uploads\/2013\/03\/image14.jpg\"><img loading=\"lazy\" decoding=\"async\" data-attachment-id=\"1111\" data-permalink=\"http:\/\/www.srcernay-natation.fr\/?attachment_id=1111\" data-orig-file=\"http:\/\/www.srcernay-natation.fr\/wp-content\/uploads\/2013\/03\/image14-e1398429932165.jpg\" data-orig-size=\"960,1280\" data-comments-opened=\"1\" data-image-meta=\"{&quot;aperture&quot;:&quot;0&quot;,&quot;credit&quot;:&quot;&quot;,&quot;camera&quot;:&quot;&quot;,&quot;caption&quot;:&quot;&quot;,&quot;created_timestamp&quot;:&quot;0&quot;,&quot;copyright&quot;:&quot;&quot;,&quot;focal_length&quot;:&quot;0&quot;,&quot;iso&quot;:&quot;0&quot;,&quot;shutter_speed&quot;:&quot;0&quot;,&quot;title&quot;:&quot;&quot;}\" data-image-title=\"image\" data-image-description=\"\" data-image-caption=\"\" data-large-file=\"http:\/\/www.srcernay-natation.fr\/wp-content\/uploads\/2013\/03\/image14-e1398429932165-768x1024.jpg\" class=\"alignnone wp-image-1111 size-thumbnail\" src=\"http:\/\/www.srcernay-natation.fr\/wp-content\/uploads\/2013\/03\/image14-e1398429932165-150x150.jpg\" alt=\"image\" width=\"150\" height=\"150\" \/><\/a><\/p>\n<p>Les courageux pour un petit footing sous le vent et quelque gouttes sur la fin de parcours<\/p>\n<p><a href=\"http:\/\/www.srcernay-natation.fr\/wp-content\/uploads\/2013\/03\/image15.jpg\"><img loading=\"lazy\" decoding=\"async\" data-attachment-id=\"1113\" data-permalink=\"http:\/\/www.srcernay-natation.fr\/?attachment_id=1113\" data-orig-file=\"http:\/\/www.srcernay-natation.fr\/wp-content\/uploads\/2013\/03\/image15-e1398429954533.jpg\" data-orig-size=\"2448,3264\" data-comments-opened=\"1\" data-image-meta=\"{&quot;aperture&quot;:&quot;0&quot;,&quot;credit&quot;:&quot;&quot;,&quot;camera&quot;:&quot;&quot;,&quot;caption&quot;:&quot;&quot;,&quot;created_timestamp&quot;:&quot;0&quot;,&quot;copyright&quot;:&quot;&quot;,&quot;focal_length&quot;:&quot;0&quot;,&quot;iso&quot;:&quot;0&quot;,&quot;shutter_speed&quot;:&quot;0&quot;,&quot;title&quot;:&quot;&quot;}\" data-image-title=\"image\" data-image-description=\"\" data-image-caption=\"\" data-large-file=\"http:\/\/www.srcernay-natation.fr\/wp-content\/uploads\/2013\/03\/image15-e1398429954533-768x1024.jpg\" class=\"alignnone wp-image-1113 size-thumbnail\" src=\"http:\/\/www.srcernay-natation.fr\/wp-content\/uploads\/2013\/03\/image15-e1398429954533-150x150.jpg\" alt=\"image\" width=\"150\" height=\"150\" \/><\/a><\/p>\n<p>Les plus courageux joggeurs se sont jeter a l&rsquo;eau m\u00eame temp\u00e9rature dehors que dans l&rsquo;eau soit 17 degr\u00e9s<\/p>\n<p><a href=\"http:\/\/www.srcernay-natation.fr\/wp-content\/uploads\/2013\/03\/image16.jpg\"><img loading=\"lazy\" decoding=\"async\" data-attachment-id=\"1114\" data-permalink=\"http:\/\/www.srcernay-natation.fr\/?attachment_id=1114\" data-orig-file=\"http:\/\/www.srcernay-natation.fr\/wp-content\/uploads\/2013\/03\/image16.jpg\" data-orig-size=\"3264,2448\" data-comments-opened=\"1\" data-image-meta=\"{&quot;aperture&quot;:&quot;0&quot;,&quot;credit&quot;:&quot;&quot;,&quot;camera&quot;:&quot;&quot;,&quot;caption&quot;:&quot;&quot;,&quot;created_timestamp&quot;:&quot;0&quot;,&quot;copyright&quot;:&quot;&quot;,&quot;focal_length&quot;:&quot;0&quot;,&quot;iso&quot;:&quot;0&quot;,&quot;shutter_speed&quot;:&quot;0&quot;,&quot;title&quot;:&quot;&quot;}\" data-image-title=\"image\" data-image-description=\"\" data-image-caption=\"\" data-large-file=\"http:\/\/www.srcernay-natation.fr\/wp-content\/uploads\/2013\/03\/image16-1024x768.jpg\" class=\"alignnone size-thumbnail wp-image-1114\" src=\"http:\/\/www.srcernay-natation.fr\/wp-content\/uploads\/2013\/03\/image16-150x150.jpg\" alt=\"image\" width=\"150\" height=\"150\" \/><\/a><\/p>\n<p>Apres la baignade le s\u00e9chage obligatoire en mode super h\u00e9ros :p<\/p>\n<p><a style=\"color: #1b7fcc;\" href=\"http:\/\/youtu.be\/zdBRHOKHTeY\" target=\"_blank\" rel=\"noopener noreferrer\">http:\/\/youtu.be\/zdBRHOKHTeY<\/a><\/p>\n<p>petite vid\u00e9o sympa avec les acteurs ( Max, Steve, Val) la cam\u00e9rawomen (jojo vid\u00e9o) le montage par tata chacha et nono l&rsquo;escargot. bon visionnage.<\/p>\n<p><a href=\"http:\/\/www.srcernay-natation.fr\/wp-content\/uploads\/2013\/03\/image17.jpg\"><img loading=\"lazy\" decoding=\"async\" data-attachment-id=\"1120\" data-permalink=\"http:\/\/www.srcernay-natation.fr\/?attachment_id=1120\" data-orig-file=\"http:\/\/www.srcernay-natation.fr\/wp-content\/uploads\/2013\/03\/image17.jpg\" data-orig-size=\"3264,2448\" data-comments-opened=\"1\" data-image-meta=\"{&quot;aperture&quot;:&quot;0&quot;,&quot;credit&quot;:&quot;&quot;,&quot;camera&quot;:&quot;&quot;,&quot;caption&quot;:&quot;&quot;,&quot;created_timestamp&quot;:&quot;0&quot;,&quot;copyright&quot;:&quot;&quot;,&quot;focal_length&quot;:&quot;0&quot;,&quot;iso&quot;:&quot;0&quot;,&quot;shutter_speed&quot;:&quot;0&quot;,&quot;title&quot;:&quot;&quot;}\" data-image-title=\"image\" data-image-description=\"\" data-image-caption=\"\" data-large-file=\"http:\/\/www.srcernay-natation.fr\/wp-content\/uploads\/2013\/03\/image17-1024x768.jpg\" class=\"alignnone size-thumbnail wp-image-1120\" src=\"http:\/\/www.srcernay-natation.fr\/wp-content\/uploads\/2013\/03\/image17-150x150.jpg\" alt=\"image\" width=\"150\" height=\"150\" \/><\/a><\/p>\n<p>La s\u00e9ance mi pluie mi soleil avec les plus grand a cause de la m\u00e9t\u00e9o&#8230; Je crois que l&rsquo;entra\u00eenement les as plus tuer que la m\u00e9t\u00e9o \ud83d\ude09<\/p>\n<p><a href=\"http:\/\/www.srcernay-natation.fr\/wp-content\/uploads\/2013\/03\/image18.jpg\"><img loading=\"lazy\" decoding=\"async\" data-attachment-id=\"1123\" data-permalink=\"http:\/\/www.srcernay-natation.fr\/?attachment_id=1123\" data-orig-file=\"http:\/\/www.srcernay-natation.fr\/wp-content\/uploads\/2013\/03\/image18.jpg\" data-orig-size=\"3264,2448\" data-comments-opened=\"1\" data-image-meta=\"{&quot;aperture&quot;:&quot;0&quot;,&quot;credit&quot;:&quot;&quot;,&quot;camera&quot;:&quot;&quot;,&quot;caption&quot;:&quot;&quot;,&quot;created_timestamp&quot;:&quot;0&quot;,&quot;copyright&quot;:&quot;&quot;,&quot;focal_length&quot;:&quot;0&quot;,&quot;iso&quot;:&quot;0&quot;,&quot;shutter_speed&quot;:&quot;0&quot;,&quot;title&quot;:&quot;&quot;}\" data-image-title=\"image\" data-image-description=\"\" data-image-caption=\"\" data-large-file=\"http:\/\/www.srcernay-natation.fr\/wp-content\/uploads\/2013\/03\/image18-1024x768.jpg\" class=\"alignnone size-thumbnail wp-image-1123\" src=\"http:\/\/www.srcernay-natation.fr\/wp-content\/uploads\/2013\/03\/image18-150x150.jpg\" alt=\"image\" width=\"150\" height=\"150\" \/><\/a><\/p>\n<p>Photo du groupe \u00e9bloui par le coach \ud83d\ude09<\/p>\n<p><a href=\"http:\/\/www.srcernay-natation.fr\/wp-content\/uploads\/2013\/03\/image19.jpg\"><img loading=\"lazy\" decoding=\"async\" data-attachment-id=\"1124\" data-permalink=\"http:\/\/www.srcernay-natation.fr\/?attachment_id=1124\" data-orig-file=\"http:\/\/www.srcernay-natation.fr\/wp-content\/uploads\/2013\/03\/image19.jpg\" data-orig-size=\"1280,960\" data-comments-opened=\"1\" data-image-meta=\"{&quot;aperture&quot;:&quot;0&quot;,&quot;credit&quot;:&quot;&quot;,&quot;camera&quot;:&quot;&quot;,&quot;caption&quot;:&quot;&quot;,&quot;created_timestamp&quot;:&quot;0&quot;,&quot;copyright&quot;:&quot;&quot;,&quot;focal_length&quot;:&quot;0&quot;,&quot;iso&quot;:&quot;0&quot;,&quot;shutter_speed&quot;:&quot;0&quot;,&quot;title&quot;:&quot;&quot;}\" data-image-title=\"image\" data-image-description=\"\" data-image-caption=\"\" data-large-file=\"http:\/\/www.srcernay-natation.fr\/wp-content\/uploads\/2013\/03\/image19-1024x768.jpg\" class=\"alignnone size-thumbnail wp-image-1124\" src=\"http:\/\/www.srcernay-natation.fr\/wp-content\/uploads\/2013\/03\/image19-150x150.jpg\" alt=\"image\" width=\"150\" height=\"150\" \/><\/a><\/p>\n<p>Apero time \ud83d\ude00<\/p>\n<p><a href=\"http:\/\/www.srcernay-natation.fr\/wp-content\/uploads\/2013\/03\/image20.jpg\"><img loading=\"lazy\" decoding=\"async\" data-attachment-id=\"1126\" data-permalink=\"http:\/\/www.srcernay-natation.fr\/?attachment_id=1126\" data-orig-file=\"http:\/\/www.srcernay-natation.fr\/wp-content\/uploads\/2013\/03\/image20.jpg\" data-orig-size=\"3264,2448\" data-comments-opened=\"1\" data-image-meta=\"{&quot;aperture&quot;:&quot;0&quot;,&quot;credit&quot;:&quot;&quot;,&quot;camera&quot;:&quot;&quot;,&quot;caption&quot;:&quot;&quot;,&quot;created_timestamp&quot;:&quot;0&quot;,&quot;copyright&quot;:&quot;&quot;,&quot;focal_length&quot;:&quot;0&quot;,&quot;iso&quot;:&quot;0&quot;,&quot;shutter_speed&quot;:&quot;0&quot;,&quot;title&quot;:&quot;&quot;}\" data-image-title=\"image\" data-image-description=\"\" data-image-caption=\"\" data-large-file=\"http:\/\/www.srcernay-natation.fr\/wp-content\/uploads\/2013\/03\/image20-1024x768.jpg\" class=\"alignnone size-thumbnail wp-image-1126\" src=\"http:\/\/www.srcernay-natation.fr\/wp-content\/uploads\/2013\/03\/image20-150x150.jpg\" alt=\"image\" width=\"150\" height=\"150\" \/><\/a><\/p>\n<p>Derniere photo de groupe devant la piscine.<\/p>\n<p>&nbsp;<\/p>\n","protected":false},"excerpt":{"rendered":"<p>&nbsp; Bien arriv\u00e9e premi\u00e8re a la plage &nbsp; &nbsp; &nbsp; Premi\u00e8re s\u00e9ance cr\u00e8me solaire obligatoire Entrainement du matin 7h les yeux sont pas tout a fait ouvert \ud83d\ude42 Photo de groupe le premier jour Si vous trouvez votre enfant sur la photo c&rsquo;est qu&rsquo;il est encore en vie \ud83d\ude09 je plaisante ils sont tous en [&hellip;]<\/p>\n","protected":false},"author":1,"featured_media":0,"parent":722,"menu_order":5,"comment_status":"open","ping_status":"closed","template":"","meta":{"jetpack_post_was_ever_published":false,"footnotes":""},"class_list":["post-1274","page","type-page","status-publish","hentry"],"jetpack_sharing_enabled":true,"jetpack_shortlink":"https:\/\/wp.me\/P2O9pL-ky","jetpack_likes_enabled":true,"jetpack-related-posts":[],"_links":{"self":[{"href":"http:\/\/www.srcernay-natation.fr\/index.php?rest_route=\/wp\/v2\/pages\/1274","targetHints":{"allow":["GET"]}}],"collection":[{"href":"http:\/\/www.srcernay-natation.fr\/index.php?rest_route=\/wp\/v2\/pages"}],"about":[{"href":"http:\/\/www.srcernay-natation.fr\/index.php?rest_route=\/wp\/v2\/types\/page"}],"author":[{"embeddable":true,"href":"http:\/\/www.srcernay-natation.fr\/index.php?rest_route=\/wp\/v2\/users\/1"}],"replies":[{"embeddable":true,"href":"http:\/\/www.srcernay-natation.fr\/index.php?rest_route=%2Fwp%2Fv2%2Fcomments&post=1274"}],"version-history":[{"count":4,"href":"http:\/\/www.srcernay-natation.fr\/index.php?rest_route=\/wp\/v2\/pages\/1274\/revisions"}],"predecessor-version":[{"id":2846,"href":"http:\/\/www.srcernay-natation.fr\/index.php?rest_route=\/wp\/v2\/pages\/1274\/revisions\/2846"}],"up":[{"embeddable":true,"href":"http:\/\/www.srcernay-natation.fr\/index.php?rest_route=\/wp\/v2\/pages\/722"}],"wp:attachment":[{"href":"http:\/\/www.srcernay-natation.fr\/index.php?rest_route=%2Fwp%2Fv2%2Fmedia&parent=1274"}],"curies":[{"name":"wp","href":"https:\/\/api.w.org\/{rel}","templated":true}]}}