{"id":1265,"date":"2014-10-28T15:37:52","date_gmt":"2014-10-28T14:37:52","guid":{"rendered":"http:\/\/www.srcernay-natation.fr\/?page_id=1265"},"modified":"2018-10-19T13:11:54","modified_gmt":"2018-10-19T12:11:54","slug":"saison-20142015","status":"publish","type":"page","link":"http:\/\/www.srcernay-natation.fr\/?page_id=1265","title":{"rendered":"Saison 2014\/2015"},"content":{"rendered":"<p>SAISON 2014\/2015<\/p>\n<p><span style=\"text-decoration: underline;\"><strong>OCTOBRE 14<\/strong><\/span><\/p>\n<p><a href=\"http:\/\/www.srcernay-natation.fr\/wp-content\/uploads\/2014\/10\/resultats_globaux-Saint-Louis.pdf\" target=\"_blank\" rel=\"noopener\">R\u00e9sultats meeting de Saint-Louis 19 octobre 2014<\/a><\/p>\n<p><span style=\"text-decoration: underline;\"><strong>NOVEMBRE 14<\/strong><\/span><\/p>\n<p><a href=\"http:\/\/www.srcernay-natation.fr\/wp-content\/uploads\/2014\/10\/resultats_24949.pdf\" target=\"_blank\" rel=\"noopener\">R\u00e9sultats Interclubs toutes cat\u00e9gories 8 novembre 2014 \u00e0 Strasbourg<\/a>\u00a0\/\u00a0<a href=\"http:\/\/www.srcernay-natation.fr\/wp-content\/uploads\/2014\/10\/CLASSEMENT.pdf\" target=\"_blank\" rel=\"noopener\">Classement g\u00e9n\u00e9ral interclubs<\/a><\/p>\n<p><a href=\"http:\/\/www.srcernay-natation.fr\/wp-content\/uploads\/2014\/10\/resultats_globaux.pdf\" target=\"_blank\" rel=\"noopener\">R\u00e9sultats du 1er meeting des jeunes du 22 novembre \u00e0 Cernay<\/a><\/p>\n<p><a href=\"http:\/\/www.srcernay-natation.fr\/wp-content\/uploads\/2014\/10\/resultats_26357.pdf\" target=\"_blank\" rel=\"noopener\">R\u00e9sultats Championnats du Haut-Rhin le 23 novembre \u00e0 Guebwiller<\/a><\/p>\n<p><span style=\"text-decoration: underline;\"><strong>DECEMBRE 14<\/strong><\/span><\/p>\n<p><a href=\"http:\/\/www.srcernay-natation.fr\/wp-content\/uploads\/2014\/10\/resultats_globaux1.pdf\" target=\"_blank\" rel=\"noopener\">R\u00e9sultats championnats d&rsquo;Alsace le 6 et 7 d\u00e9cembre \u00e0 Obernai<\/a><\/p>\n<p><a href=\"http:\/\/www.srcernay-natation.fr\/wp-content\/uploads\/2014\/10\/resultats_26017.pdf\" target=\"_blank\" rel=\"noopener\">R\u00e9sultats meeting des jeunes le 14 d\u00e9cembre \u00e0 Illfurth<\/a><\/p>\n<p><a href=\"http:\/\/www.srcernay-natation.fr\/wp-content\/uploads\/2014\/10\/resultats_26337.pdf\" target=\"_blank\" rel=\"noopener\">R\u00e9sultats chamiponnats de France N2 petit bassin du 19 au 21 d\u00e9cembre \u00e0 Lons-le-Saunier<\/a><\/p>\n<p><span style=\"text-decoration: underline;\"><strong>JANVIER 15<\/strong><\/span><\/p>\n<p><a href=\"http:\/\/www.srcernay-natation.fr\/wp-content\/uploads\/2014\/10\/resultats_27303.pdf\" target=\"_blank\" rel=\"noopener\">R\u00e9sultats meeting des zewala le 18 janvier \u00e0 S\u00e9l\u00e9stat<\/a><\/p>\n<p><a href=\"http:\/\/www.srcernay-natation.fr\/wp-content\/uploads\/2014\/10\/resultats_27793.pdf\" target=\"_blank\" rel=\"noopener\">R\u00e9sultats interclubs poussins du 24 janvier \u00e0 Saint-Louis<\/a><\/p>\n<p><span style=\"text-decoration: underline;\"><strong>FEVRIER 15<\/strong><\/span><\/p>\n<p><a href=\"http:\/\/www.srcernay-natation.fr\/wp-content\/uploads\/2014\/10\/unnamed.pdf\" target=\"_blank\" rel=\"noopener\">R\u00e9sultats championnats d&rsquo;Alsace des ma\u00eetres le 1 f\u00e9vrier \u00e0 S\u00e9l\u00e9stat<\/a><\/p>\n<p><a href=\"http:\/\/www.srcernay-natation.fr\/wp-content\/uploads\/2014\/10\/resultats_27927.pdf\" target=\"_blank\" rel=\"noopener\">R\u00e9sultats meeting national de Strasbourg le 7 et 8 f\u00e9vrier<\/a><\/p>\n<p><a href=\"http:\/\/www.srcernay-natation.fr\/wp-content\/uploads\/2014\/10\/resultats_28867.pdf\" target=\"_blank\" rel=\"noopener\">R\u00e9sultats 1er Natathlon poussins du 15 f\u00e9vrier \u00e0 Illfurth<\/a><\/p>\n<p><span style=\"text-decoration: underline;\"><strong>MARS 15<\/strong><\/span><\/p>\n<p><a href=\"http:\/\/www.srcernay-natation.fr\/wp-content\/uploads\/2014\/10\/resultats_28849.pdf\" target=\"_blank\" rel=\"noopener\">R\u00e9sultats Natathlon benjamins 15 mars \u00e0 Thann<\/a><\/p>\n<p><a href=\"http:\/\/www.srcernay-natation.fr\/wp-content\/uploads\/2014\/10\/Kompaktes-Protokoll.pdf\" target=\"_blank\" rel=\"noopener\">R\u00e9sultats meeting international de Bas-Bergzabern (Allemagne) 14 et 15 mars <\/a><\/p>\n<p><a href=\"http:\/\/www.srcernay-natation.fr\/wp-content\/uploads\/2014\/10\/resultats_globaux2.pdf\" target=\"_blank\" rel=\"noopener\">R\u00e9sultats Meeting de Plzen (R\u00e9publique Tch\u00e8que) 27 et 28 mars<\/a><\/p>\n<p><a href=\"http:\/\/www.srcernay-natation.fr\/wp-content\/uploads\/2014\/10\/resultats_30467.pdf\" target=\"_blank\" rel=\"noopener\">R\u00e9sultats meeting de la grenouille du 29 mars \u00e0 Wesserling<\/a><\/p>\n<p><span style=\"text-decoration: underline;\"><strong>AVRIL 15<\/strong><\/span><\/p>\n<p><a href=\"http:\/\/www.srcernay-natation.fr\/wp-content\/uploads\/2014\/10\/resultats_globaux3.pdf\" target=\"_blank\" rel=\"noopener\">R\u00e9sultats natathlon benjamins du 12 avril \u00e0 Colmar<\/a><\/p>\n<p><a href=\"http:\/\/www.srcernay-natation.fr\/wp-content\/uploads\/2014\/10\/resultats_28875.pdf\" target=\"_blank\" rel=\"noopener\">R\u00e9sultats natathlon poussins \u00e0 Kaysersberg le 19 avril<\/a><\/p>\n<p><span style=\"text-decoration: underline;\"><strong>MAI 15<\/strong><\/span><\/p>\n<p><a href=\"http:\/\/www.srcernay-natation.fr\/wp-content\/uploads\/2014\/10\/resultats_28861.pdf\" target=\"_blank\" rel=\"noopener\">R\u00e9sultats natathlon benjamin 10 mai \u00e0 Mulhouse<\/a><\/p>\n<p><a href=\"http:\/\/www.srcernay-natation.fr\/wp-content\/uploads\/2014\/10\/resultats_28881.pdf\" target=\"_blank\" rel=\"noopener\">R\u00e9sultats natathlon poussins du 10 mai \u00e0 Mulhouse<\/a><\/p>\n<p><a href=\"http:\/\/www.srcernay-natation.fr\/wp-content\/uploads\/2014\/10\/resultats_31965.pdf\">R\u00e9sultats meeting de Thann du 17 mai<\/a><\/p>\n<p><a href=\"http:\/\/www.srcernay-natation.fr\/wp-content\/uploads\/2014\/10\/resultats_globaux4.pdf\">R\u00e9sultats 20\u00e8me eurmoeeting 23 et 24 mai \u00e0 Cernay<\/a><\/p>\n<p><a href=\"http:\/\/www.srcernay-natation.fr\/wp-content\/uploads\/2014\/10\/resultats_28885.pdf\" target=\"_blank\" rel=\"noopener\">R\u00e9sultats Natathlon benjamin du 31 mai \u00e0 Obernai<\/a><\/p>\n<p><span style=\"text-decoration: underline;\"><strong>JUIN 15<\/strong><\/span><\/p>\n<p><a href=\"http:\/\/www.srcernay-natation.fr\/wp-content\/uploads\/2014\/10\/resultats_31883.pdf\" target=\"_blank\" rel=\"noopener\">R\u00e9sultats meeting de l&rsquo;Ile du Rhin le 7 juin \u00e0 Vogelgrun<\/a><\/p>\n<p><a href=\"http:\/\/www.srcernay-natation.fr\/wp-content\/uploads\/2014\/10\/resultats_31637.pdf\" target=\"_blank\" rel=\"noopener\">R\u00e9sultats championnat d&rsquo;Alsace du 20 et 21 juin \u00e0 Mulhouse<\/a><\/p>\n<p><a href=\"http:\/\/www.srcernay-natation.fr\/wp-content\/uploads\/2014\/10\/resultats_32167.pdf\" target=\"_blank\" rel=\"noopener\">R\u00e9sultats finale natathlon poussin du 21 juin \u00e0 Saint-Louis<\/a><\/p>\n<p><span style=\"text-decoration: underline;\"><strong>JUILLET 15<\/strong><\/span><\/p>\n<p><a href=\"http:\/\/www.srcernay-natation.fr\/wp-content\/uploads\/2014\/10\/resultats_32539.pdf\" target=\"_blank\" rel=\"noopener\">R\u00e9sultats finale du natathlon benjamin du 5 juillet \u00e0 Strasbourg<\/a><\/p>\n<p><a href=\"http:\/\/www.srcernay-natation.fr\/wp-content\/uploads\/2014\/10\/resultats_31297.pdf\" target=\"_blank\" rel=\"noopener\">R\u00e9sultats des chambpionnats de france N2 du 10 au 12 juillet \u00e0 Metz<\/a><\/p>\n","protected":false},"excerpt":{"rendered":"<p>SAISON 2014\/2015 OCTOBRE 14 R\u00e9sultats meeting de Saint-Louis 19 octobre 2014 NOVEMBRE 14 R\u00e9sultats Interclubs toutes cat\u00e9gories 8 novembre 2014 \u00e0 Strasbourg\u00a0\/\u00a0Classement g\u00e9n\u00e9ral interclubs R\u00e9sultats du 1er meeting des jeunes du 22 novembre \u00e0 Cernay R\u00e9sultats Championnats du Haut-Rhin le 23 novembre \u00e0 Guebwiller DECEMBRE 14 R\u00e9sultats championnats d&rsquo;Alsace le 6 et 7 d\u00e9cembre \u00e0 [&hellip;]<\/p>\n","protected":false},"author":1,"featured_media":0,"parent":2260,"menu_order":3,"comment_status":"open","ping_status":"closed","template":"","meta":{"jetpack_post_was_ever_published":false,"footnotes":""},"class_list":["post-1265","page","type-page","status-publish","hentry"],"jetpack_sharing_enabled":true,"jetpack_shortlink":"https:\/\/wp.me\/P2O9pL-kp","jetpack_likes_enabled":true,"jetpack-related-posts":[],"_links":{"self":[{"href":"http:\/\/www.srcernay-natation.fr\/index.php?rest_route=\/wp\/v2\/pages\/1265","targetHints":{"allow":["GET"]}}],"collection":[{"href":"http:\/\/www.srcernay-natation.fr\/index.php?rest_route=\/wp\/v2\/pages"}],"about":[{"href":"http:\/\/www.srcernay-natation.fr\/index.php?rest_route=\/wp\/v2\/types\/page"}],"author":[{"embeddable":true,"href":"http:\/\/www.srcernay-natation.fr\/index.php?rest_route=\/wp\/v2\/users\/1"}],"replies":[{"embeddable":true,"href":"http:\/\/www.srcernay-natation.fr\/index.php?rest_route=%2Fwp%2Fv2%2Fcomments&post=1265"}],"version-history":[{"count":23,"href":"http:\/\/www.srcernay-natation.fr\/index.php?rest_route=\/wp\/v2\/pages\/1265\/revisions"}],"predecessor-version":[{"id":1951,"href":"http:\/\/www.srcernay-natation.fr\/index.php?rest_route=\/wp\/v2\/pages\/1265\/revisions\/1951"}],"up":[{"embeddable":true,"href":"http:\/\/www.srcernay-natation.fr\/index.php?rest_route=\/wp\/v2\/pages\/2260"}],"wp:attachment":[{"href":"http:\/\/www.srcernay-natation.fr\/index.php?rest_route=%2Fwp%2Fv2%2Fmedia&parent=1265"}],"curies":[{"name":"wp","href":"https:\/\/api.w.org\/{rel}","templated":true}]}}